{"id":2106,"date":"2023-10-03T17:01:52","date_gmt":"2023-10-03T15:01:52","guid":{"rendered":"https:\/\/culmsee.com\/scout-beo\/?page_id=2106"},"modified":"2023-10-03T17:53:33","modified_gmt":"2023-10-03T15:53:33","slug":"excel-filtern-2","status":"publish","type":"page","link":"https:\/\/culmsee.com\/scout-beo\/index.php\/excel-filtern-2\/","title":{"rendered":"Excel &#8211; Filtern"},"content":{"rendered":"\n<p class=\"has-text-color\" style=\"color:#0e9664\">Zus\u00e4tzlich zum <a rel=\"noreferrer noopener\" href=\"https:\/\/culmsee.com\/scout-beo\/wp-content\/uploads\/2023\/10\/Excel-Anleitung_Filtern.pdf\" target=\"_blank\">Download<\/a> einer <a rel=\"noreferrer noopener\" href=\"https:\/\/culmsee.com\/scout-beo\/wp-content\/uploads\/2023\/10\/Excel-Anleitung_Filtern.pdf\" target=\"_blank\"><strong>Anleitung zum Filtern<\/strong><\/a> bekommen Sie hier die M\u00f6glichkeit, eine vorbereitete Tabelle herunterzuladen.<\/p>\n\n\n\n<p><span style=\"font-size:10pt\">Hinweis: <em>Alle Daten sind frei erfunde<\/em>n f\u00fcr den \u00dcbungszweck. Fehler sind absichtlich eingebaut f\u00fcr Ihre \u201eEntdeckungsreise\u201c &#8230; beim Kennenlernen der M\u00f6glichkeiten.<\/span><\/p>\n\n\n\n<p class=\"has-text-color\" style=\"color:#51ae84\"><a href=\"https:\/\/culmsee.com\/vhs\/excel\/Uebung_Sortieren_Filtern.xltx\">eine Vorlage-Datei *.xltx<\/a> (Vorschau)<\/p>\n\n\n<div class=\"wp-block-image\">\n<figure class=\"aligncenter size-large\"><a href=\"https:\/\/culmsee.com\/vhs\/excel\/Uebung_Sortieren_Filtern.xltx\"><img loading=\"lazy\" decoding=\"async\" width=\"1024\" height=\"907\" src=\"https:\/\/culmsee.com\/scout-beo\/wp-content\/uploads\/2023\/10\/Excel_Sortieren_Filtern_Tabelle-Screenshot-1024x907.jpg\" alt=\"Excel Tabelle zum \u00dcben Sortieren Filtern (Daten frei erfunden)\" class=\"wp-image-2102\" srcset=\"https:\/\/culmsee.com\/scout-beo\/wp-content\/uploads\/2023\/10\/Excel_Sortieren_Filtern_Tabelle-Screenshot-1024x907.jpg 1024w, https:\/\/culmsee.com\/scout-beo\/wp-content\/uploads\/2023\/10\/Excel_Sortieren_Filtern_Tabelle-Screenshot-300x266.jpg 300w, https:\/\/culmsee.com\/scout-beo\/wp-content\/uploads\/2023\/10\/Excel_Sortieren_Filtern_Tabelle-Screenshot-768x680.jpg 768w, https:\/\/culmsee.com\/scout-beo\/wp-content\/uploads\/2023\/10\/Excel_Sortieren_Filtern_Tabelle-Screenshot-500x443.jpg 500w, https:\/\/culmsee.com\/scout-beo\/wp-content\/uploads\/2023\/10\/Excel_Sortieren_Filtern_Tabelle-Screenshot-800x709.jpg 800w, https:\/\/culmsee.com\/scout-beo\/wp-content\/uploads\/2023\/10\/Excel_Sortieren_Filtern_Tabelle-Screenshot-380x337.jpg 380w, https:\/\/culmsee.com\/scout-beo\/wp-content\/uploads\/2023\/10\/Excel_Sortieren_Filtern_Tabelle-Screenshot.jpg 1051w\" sizes=\"auto, (max-width: 1024px) 100vw, 1024px\" \/><\/a><figcaption class=\"wp-element-caption\">Excel <strong>Tabelle zum \u00dcben Sortieren Filtern<\/strong> (Daten frei erfunden)<\/figcaption><\/figure><\/div>\n\n<hr>\n\n\n<p><a href=\"https:\/\/culmsee.com\/scout-beo\/wp-content\/uploads\/2023\/10\/Excel-Sortieren-Filtern-Uebungen.pdf\" target=\"_blank\" rel=\"noreferrer noopener\">\u2026 und hier gibt es noch den <strong>Download<\/strong> von einem <strong>Arbeitsblatt<\/strong> mit <strong>\u00dcbungsaufgaben<\/strong> <strong><em>Sortieren \/ Filtern<\/em><\/strong> u.a.m. (daf\u00fcr einfach diese Zeilen anklicken) \u2026 und sogleich wird ein A4-Blatt zum Ausdrucken erscheinen, das oben stehende Tabelle zeigt mitsamt einer Liste am Rand mit To-do-Vorschl\u00e4gen zum Ausprobieren &#8230;<\/a><\/p>\n\n\n<hr>\n\n\n<h4 class=\"has-text-align-center wp-block-heading\">Anleitung Filtern<\/h4>\n\n\n<hr>\n\n<div class=\"wp-block-image\">\n<figure class=\"aligncenter size-large\"><a href=\"https:\/\/culmsee.com\/scout-beo\/wp-content\/uploads\/2023\/10\/Excel-Anleitung_Filtern.pdf\" target=\"_blank\" rel=\"noreferrer noopener\"><img loading=\"lazy\" decoding=\"async\" width=\"1024\" height=\"725\" src=\"https:\/\/culmsee.com\/scout-beo\/wp-content\/uploads\/2023\/10\/Excel-Anleitung_Filter_Screenshot-1024x725.jpg\" alt=\"Excel Anleitung Filtern (Daten frei erfunden)\" class=\"wp-image-2110\" srcset=\"https:\/\/culmsee.com\/scout-beo\/wp-content\/uploads\/2023\/10\/Excel-Anleitung_Filter_Screenshot-1024x725.jpg 1024w, https:\/\/culmsee.com\/scout-beo\/wp-content\/uploads\/2023\/10\/Excel-Anleitung_Filter_Screenshot-300x212.jpg 300w, https:\/\/culmsee.com\/scout-beo\/wp-content\/uploads\/2023\/10\/Excel-Anleitung_Filter_Screenshot-768x544.jpg 768w, https:\/\/culmsee.com\/scout-beo\/wp-content\/uploads\/2023\/10\/Excel-Anleitung_Filter_Screenshot-500x354.jpg 500w, https:\/\/culmsee.com\/scout-beo\/wp-content\/uploads\/2023\/10\/Excel-Anleitung_Filter_Screenshot-800x566.jpg 800w, https:\/\/culmsee.com\/scout-beo\/wp-content\/uploads\/2023\/10\/Excel-Anleitung_Filter_Screenshot-1280x906.jpg 1280w, https:\/\/culmsee.com\/scout-beo\/wp-content\/uploads\/2023\/10\/Excel-Anleitung_Filter_Screenshot-380x269.jpg 380w, https:\/\/culmsee.com\/scout-beo\/wp-content\/uploads\/2023\/10\/Excel-Anleitung_Filter_Screenshot.jpg 1287w\" sizes=\"auto, (max-width: 1024px) 100vw, 1024px\" \/><\/a><figcaption class=\"wp-element-caption\"><strong>Excel Anleitung Filtern<\/strong> (Daten frei erfunden)<\/figcaption><\/figure><\/div>\n\n\n<p><a href=\"https:\/\/culmsee.com\/scout-beo\/wp-content\/uploads\/2023\/10\/Excel-Anleitung_Filtern.pdf\" target=\"_blank\" rel=\"noreferrer noopener\"><img loading=\"lazy\" decoding=\"async\" width=\"50\" height=\"50\" class=\"wp-image-603\" style=\"width: 50px;\" src=\"http:\/\/culmsee.com\/scout-beo\/wp-content\/uploads\/2019\/03\/PDF-Symbol-4print.jpg\" alt=\"PDF zum Herunterladen und Ausdrucken\"><\/a> <a href=\"https:\/\/culmsee.com\/scout-beo\/wp-content\/uploads\/2023\/10\/Excel-Anleitung_Filtern.pdf\" target=\"_blank\" rel=\"noreferrer noopener\">zum Download der <strong>Anleitung Filtern<\/strong><\/a><\/p>\n\n\n\n<div class=\"wp-block-button\"><a class=\"wp-block-button__link wp-element-button\" href=\"https:\/\/culmsee.com\/scout-beo\/wp-content\/uploads\/2023\/10\/Excel-Anleitung_Filtern.pdf\" target=\"_blank\" rel=\"noreferrer noopener\">Herunterladen<\/a><\/div>\n\n\n\n<hr class=\"wp-block-separator has-css-opacity\"\/>\n\n\n\n<div class=\"wp-block-image\"><figure class=\"aligncenter\"><img loading=\"lazy\" decoding=\"async\" width=\"300\" height=\"12\" src=\"http:\/\/culmsee.com\/scout-beo\/wp-content\/uploads\/2019\/03\/Ende-Info-VHS-PC-Kurs-300x12.jpg\" alt=\"Ende dieser Info-Seite VHS-PC-Kurse\" class=\"wp-image-301\"\/><\/figure><\/div>\n\n\n\n\n\n\n<p class=\"has-text-align-center\">368 views\n\n\n\n<div class=\"wp-block-image\"><figure class=\"aligncenter\"><img loading=\"lazy\" decoding=\"async\" width=\"300\" height=\"12\" src=\"http:\/\/culmsee.com\/scout-beo\/wp-content\/uploads\/2019\/03\/Ende-webLog-300x12.jpg\" alt=\"\" class=\"wp-image-180\"\/><\/figure><\/div>\n","protected":false},"excerpt":{"rendered":"<p>Zus\u00e4tzlich zum Download einer Anleitung zum Filtern bekommen Sie hier die M\u00f6glichkeit, eine vorbereitete Tabelle herunterzuladen. Hinweis: Alle Daten sind frei erfunden f\u00fcr den \u00dcbungszweck. Fehler sind absichtlich eingebaut f\u00fcr Ihre \u201eEntdeckungsreise\u201c &#8230; beim Kennenlernen der M\u00f6glichkeiten. eine Vorlage-Datei *.xltx (Vorschau) \u2026 und hier gibt es noch den Download von einem Arbeitsblatt mit \u00dcbungsaufgaben Sortieren [&hellip;]<\/p>\n","protected":false},"author":1,"featured_media":0,"parent":0,"menu_order":0,"comment_status":"closed","ping_status":"closed","template":"","meta":{"footnotes":""},"class_list":["post-2106","page","type-page","status-publish","hentry"],"_links":{"self":[{"href":"https:\/\/culmsee.com\/scout-beo\/index.php\/wp-json\/wp\/v2\/pages\/2106","targetHints":{"allow":["GET"]}}],"collection":[{"href":"https:\/\/culmsee.com\/scout-beo\/index.php\/wp-json\/wp\/v2\/pages"}],"about":[{"href":"https:\/\/culmsee.com\/scout-beo\/index.php\/wp-json\/wp\/v2\/types\/page"}],"author":[{"embeddable":true,"href":"https:\/\/culmsee.com\/scout-beo\/index.php\/wp-json\/wp\/v2\/users\/1"}],"replies":[{"embeddable":true,"href":"https:\/\/culmsee.com\/scout-beo\/index.php\/wp-json\/wp\/v2\/comments?post=2106"}],"version-history":[{"count":10,"href":"https:\/\/culmsee.com\/scout-beo\/index.php\/wp-json\/wp\/v2\/pages\/2106\/revisions"}],"predecessor-version":[{"id":2118,"href":"https:\/\/culmsee.com\/scout-beo\/index.php\/wp-json\/wp\/v2\/pages\/2106\/revisions\/2118"}],"wp:attachment":[{"href":"https:\/\/culmsee.com\/scout-beo\/index.php\/wp-json\/wp\/v2\/media?parent=2106"}],"curies":[{"name":"wp","href":"https:\/\/api.w.org\/{rel}","templated":true}]}}