{"id":29,"date":"2019-03-18T18:07:52","date_gmt":"2019-03-18T17:07:52","guid":{"rendered":"http:\/\/culmsee.com\/scout-beo\/?page_id=29"},"modified":"2019-03-18T18:22:13","modified_gmt":"2019-03-18T17:22:13","slug":"datenschutzerklaerung","status":"publish","type":"page","link":"https:\/\/culmsee.com\/scout-beo\/index.php\/datenschutzerklaerung\/","title":{"rendered":"Datenschutzerkl\u00e4rung"},"content":{"rendered":"\n<p>als Standard-Zusatz-Information (generiert aus WordPress-Text, s.u.)<\/p>\n\n\n\n<p>Die Adresse der Website ist <a href=\"http:\/\/culmsee.com\/scout-beo\/\">http:\/\/culmsee.com\/scout-beo\/<\/a><\/p>\n\n\n\n<h2 class=\"wp-block-heading\">Welche personenbezogenen Daten gesammelt werden und warum<\/h2>\n\n\n\n<h3 class=\"wp-block-heading\">Kommentare<\/h3>\n\n\n\n<p>Wenn Besucher Kommentare auf der Website schreiben,&nbsp;werden Daten gesammelt, die im Kommentar-Formular angezeigt werden, au\u00dferdem die IP-Adresse des Besuchers und User-Agent-String (damit wird der Browser identifiziert), um die Erkennung von Spam zu unterst\u00fctzen.<\/p>\n\n\n\n<p>Aus Ihrer E-Mail-Adresse kann eine anonymisierte Zeichenfolge erstellt werden (auch Hash genannt) und dem Gravatar-Dienst \u00fcbergeben wird, um zu pr\u00fcfen, ob&nbsp;Sie diesen benutzen. Die Datenschutzerkl\u00e4rung des Gravatar-Dienstes finden Sie hier: https:\/\/automattic.com\/privacy\/. Nachdem&nbsp;<em>[\/ falls]<\/em> Ihr Kommentar freigegeben wurde, wird Ihr&nbsp;Profilbild \u00f6ffentlich im Kontext Ihres Kommentars sichtbar.<\/p>\n\n\n\n<h3 class=\"wp-block-heading\">Medien<\/h3>\n\n\n\n<p>Wenn&nbsp;Sie ein registrierter Benutzer&nbsp;sind und Fotos auf diese Website hochladen <em>[falls dazu freigegeben]<\/em>, sollten&nbsp;Sie vermeiden, Fotos mit einem EXIF-GPS-Standort hochzuladen <em>[ist heutzutage bei vielen Kameras Standard-Einstellung, auch auf Smartphones bei aktiviertem GPS]<\/em>. Besucher der Website k\u00f6nnten Fotos, die auf dieser Website gespeichert sind, herunterladen und deren Standort-Informationen extrahieren.<\/p>\n\n\n\n<h3 class=\"wp-block-heading\">Kontaktformulare<\/h3>\n\n\n\n<h3 class=\"wp-block-heading\">Cookies<\/h3>\n\n\n\n<p>Wenn&nbsp;Sie einen Kommentar auf&nbsp;der Website schreiben, kann das eine Einwilligung sein,&nbsp;Ihren Namen, Ihre E-Mail-Adresse und ggf. Ihre Website in Cookies zu speichern. <em>[Da das Eingeben Ihrer pers\u00f6nlichen Daten <strong>freiwillig<\/strong> ist und bleibt, gilt das Eingeben derselben als Zustimmung Ihrerseits zu dieser Einwilligung.]<\/em> Dies ist eine Komfortfunktion, damit&nbsp;Sie nicht, wenn&nbsp;Sie einen weiteren Kommentar schreiben, all diese Daten erneut eingeben m\u00fcssten. Diese Cookies werden gespeichert.<\/p>\n\n\n\n<p>Falls&nbsp;Sie ein Konto <em>[= einen Account]<\/em> haben und sich auf dieser Website anmelden <em>[k\u00f6nnen]<\/em>, wird ein tempor\u00e4res Cookie gesetzt, um festzustellen, ob&nbsp;Ihr Browser Cookies akzeptiert. Dieses Cookie enth\u00e4lt keine personenbezogenen Daten und wird verworfen, wenn&nbsp;Sie Ihren&nbsp;Browser schlie\u00dfen.<\/p>\n\n\n\n<p>Wenn&nbsp;Sie sich anmelden, werden einige Cookies einrichtet, um Ihre Anmeldeinformationen und Anzeigeoptionen zu speichern. Anmelde-Cookies verfallen nach zwei Tagen und Cookies f\u00fcr die Anzeigeoptionen nach einem Jahr. Falls Sie bei der Anmeldung \u201eAngemeldet bleiben\u201c ausw\u00e4hlen sollten <em>[<strong>nicht<\/strong> empfohlen]<\/em>, wird&nbsp;Ihre Anmeldung zwei Wochen lang aufrechterhalten. Mit der Abmeldung aus&nbsp;Ihrem Konto <em>[= Account]<\/em> werden die Anmelde-Cookies gel\u00f6scht.<\/p>\n\n\n\n<p>Wenn&nbsp;Sie einen Artikel bearbeiten oder ver\u00f6ffentlichen, wird ein zus\u00e4tzlicher Cookie in Ihrem Browser gespeichert. Dieser Cookie enth\u00e4lt keine personenbezogenen Daten und verweist nur auf die Beitrags-ID des Artikels, den&nbsp;Sie gerade bearbeitet haben. Der Cookie verf\u00e4llt nach einem Tag.<\/p>\n\n\n\n<h3 class=\"wp-block-heading\">Eingebettete Inhalte von anderen Websites<\/h3>\n\n\n\n<p>Beitr\u00e4ge auf dieser Website k\u00f6nnen eingebettete Inhalte beinhalten (z.&nbsp;B. Videos, Bilder, Beitr\u00e4ge etc.). Eingebettete Inhalte von anderen Websites verhalten sich exakt so, als ob der Besucher die andere Website besucht h\u00e4tte.<\/p>\n\n\n\n<p>Diese Websites k\u00f6nnen Daten \u00fcber&nbsp;Sie sammeln, Cookies benutzen, zus\u00e4tzliche Tracking-Dienste von Dritten einbetten und Ihre Interaktion mit diesem eingebetteten Inhalt aufzeichnen, inklusive Ihrer Interaktion mit dem eingebetteten Inhalt, falls&nbsp;Sie ein Konto \/ <em>Account<\/em> haben und auf dieser Website angemeldet sind.<\/p>\n\n\n\n<h3 class=\"wp-block-heading\">Analysedienste<\/h3>\n\n\n\n<p>Wenn&nbsp;Sie einen Kommentar schreiben, wird dieser inklusive Metadaten zeitlich unbegrenzt gespeichert. Auf diese Art k\u00f6nnen Folgekommentare automatisch erkannt&nbsp;und freigeben werden, anstelle diese in einer Moderations-Warteschlange festzuhalten.&nbsp;<em>[Jeder Kommentar zu dieser Website wird&nbsp; vor einer m\u00f6glichen Ver\u00f6ffentlichung \u00fcberpr\u00fcft und erst dann ggf. freigegeben.]<\/em><\/p>\n\n\n\n<p>F\u00fcr Benutzer, die sich auf unserer Website registrieren, speichern wir zus\u00e4tzlich die pers\u00f6nlichen Informationen, die sie in ihren Benutzerprofilen angeben. Alle Benutzer k\u00f6nnen jederzeit ihre pers\u00f6nlichen Informationen einsehen, ver\u00e4ndern oder l\u00f6schen (der Benutzername kann nicht ver\u00e4ndert werden). Administratoren der Website k\u00f6nnen diese Informationen ebenfalls einsehen und ver\u00e4ndern.<\/p>\n\n\n\n<h2 class=\"wp-block-heading\">Welche Rechte&nbsp;Sie an&nbsp;Ihren Daten haben<\/h2>\n\n\n\n<p>Wenn&nbsp;Sie ein Konto \/ <em>Account<\/em> auf dieser Website besitzen oder Kommentare schrieben, k\u00f6nnen Sie&nbsp;<em>Auskunft<\/em> Ihrer personenbezogenen Daten bei mir anfordern [ <a href=\"mailto:blog-kontakt@culmsee.com\">blog-kontakt@culmsee.com<\/a> ], inklusive der Daten, die&nbsp;Sie mitteilten, <em>soweit diese gespeichert wurden<\/em>. Dar\u00fcber hinaus k\u00f6nnen Sie die L\u00f6schung aller personenbezogenen Daten, die von&nbsp;Ihnen gespeichert&nbsp;wurden, anfordern. Dies umfasst nicht die Daten, die wir aufgrund administrativer, rechtlicher oder sicherheitsrelevanter Notwendigkeiten aufbewahren m\u00fcssen <em>[gem\u00e4\u00df gesetzlicher Vorgaben]<\/em>.<\/p>\n\n\n\n<h2 class=\"wp-block-heading\">&#8230;<\/h2>\n\n\n\n<p><em>[Hinweis:&nbsp;<\/em><em>Oben stehender Text entstammt als Vorlage einer Muster-Seite von WordPress selbst.<\/em><\/p>\n\n\n\n<p><em>Die Formulierungen sind leicht angepasst worden durch mich, insbesondere \u00fcbertragen in die Sie-Form. Stand: August 2018.]<\/em><\/p>\n\n\n\n<hr class=\"wp-block-separator\"\/>\n\n\n\n1.572 views\n\n\n\n<hr class=\"wp-block-separator\"\/>\n\n\n\n<p><em>Weitere Informationen finden Sie auf der <a href=\"http:\/\/culmsee.com\/scout-beo\/index.php\/impressum\/\">IMPRESSUM<\/a>-Seite.<\/em><\/p>\n\n\n\n<hr class=\"wp-block-separator\"\/>\n","protected":false},"excerpt":{"rendered":"<p>als Standard-Zusatz-Information (generiert aus WordPress-Text, s.u.) Die Adresse der Website ist http:\/\/culmsee.com\/scout-beo\/ Welche personenbezogenen Daten gesammelt werden und warum Kommentare Wenn Besucher Kommentare auf der Website schreiben,&nbsp;werden Daten gesammelt, die im Kommentar-Formular angezeigt werden, au\u00dferdem die IP-Adresse des Besuchers und User-Agent-String (damit wird der Browser identifiziert), um die Erkennung von Spam zu unterst\u00fctzen. Aus Ihrer [&hellip;]<\/p>\n","protected":false},"author":1,"featured_media":0,"parent":0,"menu_order":0,"comment_status":"closed","ping_status":"closed","template":"","meta":{"footnotes":""},"class_list":["post-29","page","type-page","status-publish","hentry"],"_links":{"self":[{"href":"https:\/\/culmsee.com\/scout-beo\/index.php\/wp-json\/wp\/v2\/pages\/29","targetHints":{"allow":["GET"]}}],"collection":[{"href":"https:\/\/culmsee.com\/scout-beo\/index.php\/wp-json\/wp\/v2\/pages"}],"about":[{"href":"https:\/\/culmsee.com\/scout-beo\/index.php\/wp-json\/wp\/v2\/types\/page"}],"author":[{"embeddable":true,"href":"https:\/\/culmsee.com\/scout-beo\/index.php\/wp-json\/wp\/v2\/users\/1"}],"replies":[{"embeddable":true,"href":"https:\/\/culmsee.com\/scout-beo\/index.php\/wp-json\/wp\/v2\/comments?post=29"}],"version-history":[{"count":0,"href":"https:\/\/culmsee.com\/scout-beo\/index.php\/wp-json\/wp\/v2\/pages\/29\/revisions"}],"wp:attachment":[{"href":"https:\/\/culmsee.com\/scout-beo\/index.php\/wp-json\/wp\/v2\/media?parent=29"}],"curies":[{"name":"wp","href":"https:\/\/api.w.org\/{rel}","templated":true}]}}