{"id":728,"date":"2019-03-28T12:37:15","date_gmt":"2019-03-28T11:37:15","guid":{"rendered":"http:\/\/culmsee.com\/scout-beo\/?page_id=728"},"modified":"2019-03-28T13:17:18","modified_gmt":"2019-03-28T12:17:18","slug":"monitor-kaufwissen","status":"publish","type":"page","link":"https:\/\/culmsee.com\/scout-beo\/index.php\/monitor-kaufwissen\/","title":{"rendered":"Monitor-Kaufwissen"},"content":{"rendered":"\n<p style=\"text-align:center\">&#8230; wichtig, vorher zu bedenken und herauszufinden &#8230;:<\/p>\n\n\n\n<h3 class=\"wp-block-heading\">&#8230; der (Ger\u00e4te-)Treiber allein gen\u00fcgt nicht &#8230;!<\/h3>\n\n\n\n<p style=\"text-align:right\">\u201eTreiber\u201c ist eine Software, um dem PC das fehlerfreie Kommunizieren, also das richtige Steuern, mit neu angeschlossenem Ger\u00e4t zu erm\u00f6glichen, falls sein Ged\u00e4chtnis-Speicher es noch nicht kennen sollte &#8230;<\/p>\n\n\n\n<p style=\"text-align:right\">Wenn es nicht klappt: <br>Monitor-Defekt ist das meist keiner \u2026!? <br>Standard-L\u00f6sung Treiber installieren auch nicht \u2026?! <br>Wieso?<\/p>\n\n\n\n<p>\u2026 alles wird smart(er) \u2026  <br>g\u00f6nn&#8216; ich mir doch mal auch &#8217;nen gr\u00f6\u00dferen PC-Monitor! coolio \ud83d\ude09<\/p>\n\n\n\n<p style=\"text-align:right\">&#8230; um sch\u00f6n vollmundig wie Kinoformat PC gucken zu k\u00f6nnen &#8230;<\/p>\n\n\n\n<h4 class=\"wp-block-heading\">&#8230; ganz gro\u00dfes Vollformat anzuzeigen &#8230;<\/h4>\n\n\n\n<p>\u2026 brauch&#8216; ich da &#8217;nen besonderen Treiber?, fragte ich noch den Verk\u00e4ufer &#8211; sicherheitshalber \u2026 nein, war die falsch-richtige Antwort \u2026<br>Und ganz neue Monitore haben meist keinen (alten analogen) VGA-Anschluss mehr an Bord der R\u00fcckseite (oder an der Unterseite); manche Bildschirme auch nicht mehr DVI, statt dessen HDMI und die DisplayPort-Steckerbuchse f\u00fcr die High-End-Ger\u00e4te, also jene Tower-PCs mit Bestleistungsoptionen f\u00fcr digitale Bild- und Tonsignale.<br> Wie bitte (falsch-richtige AW)?<br> \u2026 stimmt, denn am Treiber lag und liegt es nicht. Bild wird gezeigt, aber nur im Rahmen des M\u00f6glichen!<br>Woran kann es dann scheitern?<br>Am PC, genauer gesagt bzw. richtig: an der Grafikkarte im PC.  <\/p>\n\n\n\n<p>Und das &#8211; leider &#8211; wird Verk\u00e4ufer kaum sagen (d\u00fcrfen meistens, weil schlecht for Sale). Ist aber so. Werde ich Ihnen nachfolgend zeigen mit Screenshots-Abfolge.<\/p>\n\n\n\n<p>\u2026 sch\u00f6ner neuer gro\u00dfer Bildschirm \ud83d\ude42 wird zu \ud83d\ude41<br>Weil das Bild nicht so aussieht wie im Gesch\u00e4ft: alle Randbereiche, also \u00fcber Daumenbreite oben\/unten\/links\/rechts bleiben schwarz, d.h. sind nicht mit Bild ausgef\u00fcllt. Und das, obwohl die Ma\u00dfangaben in der Aufl\u00f6sung \u00fcbereinstimmen. <\/p>\n\n\n\n<ol class=\"wp-block-list\"><li>m\u00fcssen Sie wissen, was Ihr PC kann <\/li><li>also die Aufl\u00f6sung kennen, die Ihr PC darstellen kann <\/li><li>das aber reicht nicht aus! <\/li><li>\u00dcbereinstimmen der Aufl\u00f6sungen PC \/ Monitor gen\u00fcgt NICHT immer<br> (fr\u00fcher zwar meist aussagekr\u00e4ftig, aber heutzutage nicht genug)<\/li><li>wenn der Wunsch-Monitor (hochaufl\u00f6send) mehr (h\u00f6her hoch) kann als der PC, vergessen Sie den neuen Bildschirm <\/li><li> alternativ m\u00fcsste neuer, besserer PC her, aber dann <strong><em>mit<\/em><\/strong> einer <em><strong>Grafikkarte<\/strong>, die <strong>mehr<\/strong><\/em> (h\u00f6her) <em><strong>kann<\/strong><\/em> (weil die vorrangig bestimmt, wie gezeigt wird)<\/li><li>erst mal herausfinden, was Ihre Grafikkarte kann: <\/li><\/ol>\n\n\n\n<p><img loading=\"lazy\" decoding=\"async\" width=\"336\" height=\"299\" class=\"wp-image-716\" style=\"width: 336px;\" src=\"http:\/\/culmsee.com\/scout-beo\/wp-content\/uploads\/2019\/03\/01-Menue-Anpassen.jpg\" alt=\"Rechtsklick auf Desktop an freier Stelle\" srcset=\"https:\/\/culmsee.com\/scout-beo\/wp-content\/uploads\/2019\/03\/01-Menue-Anpassen.jpg 336w, https:\/\/culmsee.com\/scout-beo\/wp-content\/uploads\/2019\/03\/01-Menue-Anpassen-300x267.jpg 300w\" sizes=\"auto, (max-width: 336px) 100vw, 336px\" \/> <br>Rechtsklick auf den Desktop an freier Stelle und das Kontextmen\u00fc klappt auf und zeigt an, was Sie per Klick noch so abfragen k\u00f6nnen.  <br>&gt;&gt; Linksklick auf \u201eAnpassen\u201c &#8230;<\/p>\n\n\n\n<figure class=\"wp-block-image\"><img loading=\"lazy\" decoding=\"async\" width=\"965\" height=\"780\" src=\"http:\/\/culmsee.com\/scout-beo\/wp-content\/uploads\/2019\/03\/02-Monitor-Einstellungen.jpg\" alt=\"Anpassen Monitor-Einstellungen\" class=\"wp-image-717\" srcset=\"https:\/\/culmsee.com\/scout-beo\/wp-content\/uploads\/2019\/03\/02-Monitor-Einstellungen.jpg 965w, https:\/\/culmsee.com\/scout-beo\/wp-content\/uploads\/2019\/03\/02-Monitor-Einstellungen-300x242.jpg 300w, https:\/\/culmsee.com\/scout-beo\/wp-content\/uploads\/2019\/03\/02-Monitor-Einstellungen-768x621.jpg 768w, https:\/\/culmsee.com\/scout-beo\/wp-content\/uploads\/2019\/03\/02-Monitor-Einstellungen-500x404.jpg 500w, https:\/\/culmsee.com\/scout-beo\/wp-content\/uploads\/2019\/03\/02-Monitor-Einstellungen-800x647.jpg 800w, https:\/\/culmsee.com\/scout-beo\/wp-content\/uploads\/2019\/03\/02-Monitor-Einstellungen-380x307.jpg 380w\" sizes=\"auto, (max-width: 965px) 100vw, 965px\" \/><figcaption>Abb.2: Anpassen Monitor-Einstellungen<\/figcaption><\/figure>\n\n\n\n<p>&#8230; im Fenster links unten Klick auf \u201eAnzeige\u201c klicken &#8230;, <br>&#8230; dann im n\u00e4chsten auf \u201eAufl\u00f6sung anpassen\u201c &#8230;<\/p>\n\n\n\n<figure class=\"wp-block-image\"><img loading=\"lazy\" decoding=\"async\" width=\"965\" height=\"780\" src=\"http:\/\/culmsee.com\/scout-beo\/wp-content\/uploads\/2019\/03\/03-Monitor-Fenster-Anzeige.jpg\" alt=\"Monitor-Fenster Anzeige\" class=\"wp-image-718\" srcset=\"https:\/\/culmsee.com\/scout-beo\/wp-content\/uploads\/2019\/03\/03-Monitor-Fenster-Anzeige.jpg 965w, https:\/\/culmsee.com\/scout-beo\/wp-content\/uploads\/2019\/03\/03-Monitor-Fenster-Anzeige-300x242.jpg 300w, https:\/\/culmsee.com\/scout-beo\/wp-content\/uploads\/2019\/03\/03-Monitor-Fenster-Anzeige-768x621.jpg 768w, https:\/\/culmsee.com\/scout-beo\/wp-content\/uploads\/2019\/03\/03-Monitor-Fenster-Anzeige-500x404.jpg 500w, https:\/\/culmsee.com\/scout-beo\/wp-content\/uploads\/2019\/03\/03-Monitor-Fenster-Anzeige-800x647.jpg 800w, https:\/\/culmsee.com\/scout-beo\/wp-content\/uploads\/2019\/03\/03-Monitor-Fenster-Anzeige-380x307.jpg 380w\" sizes=\"auto, (max-width: 965px) 100vw, 965px\" \/><figcaption>Abb.3: Monitor-Fenster Anzeige<\/figcaption><\/figure>\n\n\n\n<p>&#8230; hier sehen Sie, was zurzeit eingestellt ist &#8230; und ver\u00e4ndert werden kann, aber nicht muss &#8230;<\/p>\n\n\n\n<figure class=\"wp-block-image\"><img loading=\"lazy\" decoding=\"async\" width=\"965\" height=\"780\" src=\"http:\/\/culmsee.com\/scout-beo\/wp-content\/uploads\/2019\/03\/04-Monitor-Fenster-Bildschirm.jpg\" alt=\"Monitor-Fenster Bildschirmaufloesung\" class=\"wp-image-719\" srcset=\"https:\/\/culmsee.com\/scout-beo\/wp-content\/uploads\/2019\/03\/04-Monitor-Fenster-Bildschirm.jpg 965w, https:\/\/culmsee.com\/scout-beo\/wp-content\/uploads\/2019\/03\/04-Monitor-Fenster-Bildschirm-300x242.jpg 300w, https:\/\/culmsee.com\/scout-beo\/wp-content\/uploads\/2019\/03\/04-Monitor-Fenster-Bildschirm-768x621.jpg 768w, https:\/\/culmsee.com\/scout-beo\/wp-content\/uploads\/2019\/03\/04-Monitor-Fenster-Bildschirm-500x404.jpg 500w, https:\/\/culmsee.com\/scout-beo\/wp-content\/uploads\/2019\/03\/04-Monitor-Fenster-Bildschirm-800x647.jpg 800w, https:\/\/culmsee.com\/scout-beo\/wp-content\/uploads\/2019\/03\/04-Monitor-Fenster-Bildschirm-380x307.jpg 380w\" sizes=\"auto, (max-width: 965px) 100vw, 965px\" \/><figcaption>Abb.4: Monitor-Fenster Bildschirmaufl\u00f6sung<\/figcaption><\/figure>\n\n\n\n<p>&#8230; klicken Sie f\u00fcr sich schlau(er) machen \ud83d\ude09 auf \u201eAufl\u00f6sung\u201c &#8230;<\/p>\n\n\n\n<figure class=\"wp-block-image\"><img loading=\"lazy\" decoding=\"async\" width=\"965\" height=\"780\" src=\"http:\/\/culmsee.com\/scout-beo\/wp-content\/uploads\/2019\/03\/05-Monitor-Fenster-Aufloesung.jpg\" alt=\"Monitor-Fenster Bildschirmaufloesung einstellen\" class=\"wp-image-720\" srcset=\"https:\/\/culmsee.com\/scout-beo\/wp-content\/uploads\/2019\/03\/05-Monitor-Fenster-Aufloesung.jpg 965w, https:\/\/culmsee.com\/scout-beo\/wp-content\/uploads\/2019\/03\/05-Monitor-Fenster-Aufloesung-300x242.jpg 300w, https:\/\/culmsee.com\/scout-beo\/wp-content\/uploads\/2019\/03\/05-Monitor-Fenster-Aufloesung-768x621.jpg 768w, https:\/\/culmsee.com\/scout-beo\/wp-content\/uploads\/2019\/03\/05-Monitor-Fenster-Aufloesung-500x404.jpg 500w, https:\/\/culmsee.com\/scout-beo\/wp-content\/uploads\/2019\/03\/05-Monitor-Fenster-Aufloesung-800x647.jpg 800w, https:\/\/culmsee.com\/scout-beo\/wp-content\/uploads\/2019\/03\/05-Monitor-Fenster-Aufloesung-380x307.jpg 380w\" sizes=\"auto, (max-width: 965px) 100vw, 965px\" \/><figcaption>Abb.5: Monitor-Fenster Bildschirmaufl\u00f6sung Aufl\u00f6sung einstellen<\/figcaption><\/figure>\n\n\n\n<p>&#8230; und Sie sehen die h\u00f6chstm\u00f6gliche Aufl\u00f6sung,. die Ihr PC bew\u00e4ltigen kann bzw. richtig ist genau genommen, was die Grafikkarte im PC kann &#8230;<\/p>\n\n\n\n<figure class=\"wp-block-image\"><img loading=\"lazy\" decoding=\"async\" width=\"965\" height=\"780\" src=\"http:\/\/culmsee.com\/scout-beo\/wp-content\/uploads\/2019\/03\/06-Monitor-Fenster-Anzeige.jpg\" alt=\"Monitor-Fenster Bildschirmaufloesung Anzeige Auswahl\" class=\"wp-image-721\" srcset=\"https:\/\/culmsee.com\/scout-beo\/wp-content\/uploads\/2019\/03\/06-Monitor-Fenster-Anzeige.jpg 965w, https:\/\/culmsee.com\/scout-beo\/wp-content\/uploads\/2019\/03\/06-Monitor-Fenster-Anzeige-300x242.jpg 300w, https:\/\/culmsee.com\/scout-beo\/wp-content\/uploads\/2019\/03\/06-Monitor-Fenster-Anzeige-768x621.jpg 768w, https:\/\/culmsee.com\/scout-beo\/wp-content\/uploads\/2019\/03\/06-Monitor-Fenster-Anzeige-500x404.jpg 500w, https:\/\/culmsee.com\/scout-beo\/wp-content\/uploads\/2019\/03\/06-Monitor-Fenster-Anzeige-800x647.jpg 800w, https:\/\/culmsee.com\/scout-beo\/wp-content\/uploads\/2019\/03\/06-Monitor-Fenster-Anzeige-380x307.jpg 380w\" sizes=\"auto, (max-width: 965px) 100vw, 965px\" \/><figcaption>Abb.6.: Monitor-Fenster Bildschirmaufl\u00f6sung Anzeige Auswahl<\/figcaption><\/figure>\n\n\n\n<p>&#8230; schauen Sie per Klick auf \u201eAnzeige\u201c, was da noch so geht &#8230;, falls evtl. noch anderer Monitor hinterlegt sein sollte; standardm\u00e4\u00dfig werden Infos vom derzeitig angeschlossenen Monitor angezeigt &#8230; <br>im vorstehenden Fenster klicken Sie nun auf \u201eErweiterte Einstellungen\u201c, um an die Infos rund um die Grafikkarte zu kommen &#8230;:<\/p>\n\n\n\n<figure class=\"wp-block-image\"><img loading=\"lazy\" decoding=\"async\" width=\"420\" height=\"479\" src=\"http:\/\/culmsee.com\/scout-beo\/wp-content\/uploads\/2019\/03\/07-Monitor-Anzeige-erweitert.jpg\" alt=\"Monitor Erweiterte Einstellungen Eigenschaften\" class=\"wp-image-722\" srcset=\"https:\/\/culmsee.com\/scout-beo\/wp-content\/uploads\/2019\/03\/07-Monitor-Anzeige-erweitert.jpg 420w, https:\/\/culmsee.com\/scout-beo\/wp-content\/uploads\/2019\/03\/07-Monitor-Anzeige-erweitert-263x300.jpg 263w, https:\/\/culmsee.com\/scout-beo\/wp-content\/uploads\/2019\/03\/07-Monitor-Anzeige-erweitert-316x360.jpg 316w\" sizes=\"auto, (max-width: 420px) 100vw, 420px\" \/><figcaption>Abb.7: Monitor Erweiterte Einstellungen Eigenschaften<\/figcaption><\/figure>\n\n\n\n<p>&#8230; wichtig hierbei ist die genaue Bezeichnung der Grafikkarte, die Sie sich notieren sollten f\u00fcr Weiteres &#8230; dann klicken Sie auf \u201eEigenschaften\u201c &#8230;<\/p>\n\n\n\n<figure class=\"wp-block-image\"><img loading=\"lazy\" decoding=\"async\" width=\"414\" height=\"459\" src=\"http:\/\/culmsee.com\/scout-beo\/wp-content\/uploads\/2019\/03\/08-Monitor-Grafikkarte.jpg\" alt=\"Monitor Erweiterte Einstellungen Eigenschaften Grafikkarte\" class=\"wp-image-723\" srcset=\"https:\/\/culmsee.com\/scout-beo\/wp-content\/uploads\/2019\/03\/08-Monitor-Grafikkarte.jpg 414w, https:\/\/culmsee.com\/scout-beo\/wp-content\/uploads\/2019\/03\/08-Monitor-Grafikkarte-271x300.jpg 271w, https:\/\/culmsee.com\/scout-beo\/wp-content\/uploads\/2019\/03\/08-Monitor-Grafikkarte-325x360.jpg 325w\" sizes=\"auto, (max-width: 414px) 100vw, 414px\" \/><figcaption>Abb.8: Monitor Erweiterte Einstellungen Eigenschaften Grafikkarte<\/figcaption><\/figure>\n\n\n\n<p>\u201eDas Ger\u00e4t funktioniert einwandfrei.\u201c Das muss da stehen, sonst vertr\u00e4gt die Grafikkarte sich bereits nicht mit anderem angeschlossenen oder eingebauten Zusatzteil. Klicken Sie dann hier auf Register \u201eTreiber\u201c &#8230;<\/p>\n\n\n\n<figure class=\"wp-block-image\"><img loading=\"lazy\" decoding=\"async\" width=\"414\" height=\"459\" src=\"http:\/\/culmsee.com\/scout-beo\/wp-content\/uploads\/2019\/03\/09-Monitor-Grafikkarte-Treiber.jpg\" alt=\"Monitor Erweiterte Einstellungen Eigenschaften Grafikkarte Treiber\" class=\"wp-image-724\" srcset=\"https:\/\/culmsee.com\/scout-beo\/wp-content\/uploads\/2019\/03\/09-Monitor-Grafikkarte-Treiber.jpg 414w, https:\/\/culmsee.com\/scout-beo\/wp-content\/uploads\/2019\/03\/09-Monitor-Grafikkarte-Treiber-271x300.jpg 271w, https:\/\/culmsee.com\/scout-beo\/wp-content\/uploads\/2019\/03\/09-Monitor-Grafikkarte-Treiber-325x360.jpg 325w\" sizes=\"auto, (max-width: 414px) 100vw, 414px\" \/><figcaption>Abb.9: Monitor Erweiterte Einstellungen Eigenschaften Grafikkarte Treiber<\/figcaption><\/figure>\n\n\n\n<p>&#8230; und dort auf \u201eTreiber aktualisieren\u201c, falls es eine neuere Version geben sollte (durchaus m\u00f6glich). &#8230;<\/p>\n\n\n\n<figure class=\"wp-block-image\"><img loading=\"lazy\" decoding=\"async\" width=\"628\" height=\"458\" src=\"http:\/\/culmsee.com\/scout-beo\/wp-content\/uploads\/2019\/03\/10-Monitor-Grafikkarte-Treiber-aktualisieren.jpg\" alt=\"Monitor Erweiterte Einstellungen Eigenschaften Grafikkarte Treiber aktualisieren\" class=\"wp-image-725\" srcset=\"https:\/\/culmsee.com\/scout-beo\/wp-content\/uploads\/2019\/03\/10-Monitor-Grafikkarte-Treiber-aktualisieren.jpg 628w, https:\/\/culmsee.com\/scout-beo\/wp-content\/uploads\/2019\/03\/10-Monitor-Grafikkarte-Treiber-aktualisieren-300x219.jpg 300w, https:\/\/culmsee.com\/scout-beo\/wp-content\/uploads\/2019\/03\/10-Monitor-Grafikkarte-Treiber-aktualisieren-500x365.jpg 500w, https:\/\/culmsee.com\/scout-beo\/wp-content\/uploads\/2019\/03\/10-Monitor-Grafikkarte-Treiber-aktualisieren-380x277.jpg 380w\" sizes=\"auto, (max-width: 628px) 100vw, 628px\" \/><figcaption>Abb.10: Monitor Erweiterte Einstellungen Eigenschaften Grafikkarte Treiber aktualisieren<\/figcaption><\/figure>\n\n\n\n<p>&#8230;  per Klick auf \u201eAutomatsich &#8230; suchen\u201c aktivieren Sie die Suche im Web (Internet-Verbindung muss bestehen). &#8230;<\/p>\n\n\n\n<figure class=\"wp-block-image\"><img loading=\"lazy\" decoding=\"async\" width=\"628\" height=\"458\" src=\"http:\/\/culmsee.com\/scout-beo\/wp-content\/uploads\/2019\/03\/11-Monitor-Grafikkarte-Treiber-Suche.jpg\" alt=\"Monitor Grafikkarte Treiber-Suche\" class=\"wp-image-726\" srcset=\"https:\/\/culmsee.com\/scout-beo\/wp-content\/uploads\/2019\/03\/11-Monitor-Grafikkarte-Treiber-Suche.jpg 628w, https:\/\/culmsee.com\/scout-beo\/wp-content\/uploads\/2019\/03\/11-Monitor-Grafikkarte-Treiber-Suche-300x219.jpg 300w, https:\/\/culmsee.com\/scout-beo\/wp-content\/uploads\/2019\/03\/11-Monitor-Grafikkarte-Treiber-Suche-500x365.jpg 500w, https:\/\/culmsee.com\/scout-beo\/wp-content\/uploads\/2019\/03\/11-Monitor-Grafikkarte-Treiber-Suche-380x277.jpg 380w\" sizes=\"auto, (max-width: 628px) 100vw, 628px\" \/><figcaption>Abb.11: Monitor Grafikkarte Treiber-Suche<\/figcaption><\/figure>\n\n\n\n<p>&#8230; das kann unterschiedlich lange dauern &#8230; der sog. Fortschrittbalken sollte sich bewegen (zum Anzeigen, dass gesucht wird) &#8230;<\/p>\n\n\n\n<figure class=\"wp-block-image\"><img loading=\"lazy\" decoding=\"async\" width=\"628\" height=\"458\" src=\"http:\/\/culmsee.com\/scout-beo\/wp-content\/uploads\/2019\/03\/12-Monitor-Grafikkarte-Treiber-Suchergebnis.jpg\" alt=\"Monitor Grafikkarte Treiber-Suche Suchergebnis\" class=\"wp-image-715\" srcset=\"https:\/\/culmsee.com\/scout-beo\/wp-content\/uploads\/2019\/03\/12-Monitor-Grafikkarte-Treiber-Suchergebnis.jpg 628w, https:\/\/culmsee.com\/scout-beo\/wp-content\/uploads\/2019\/03\/12-Monitor-Grafikkarte-Treiber-Suchergebnis-300x219.jpg 300w, https:\/\/culmsee.com\/scout-beo\/wp-content\/uploads\/2019\/03\/12-Monitor-Grafikkarte-Treiber-Suchergebnis-500x365.jpg 500w, https:\/\/culmsee.com\/scout-beo\/wp-content\/uploads\/2019\/03\/12-Monitor-Grafikkarte-Treiber-Suchergebnis-380x277.jpg 380w\" sizes=\"auto, (max-width: 628px) 100vw, 628px\" \/><figcaption>Abb.12: Monitor Grafikkarte Treiber-Suche Suchergebnis<\/figcaption><\/figure>\n\n\n\n<p>Nach Beenden der Suche wird angezeigt, was Sache ist &#8230;<\/p>\n\n\n\n<p>Falls \u201eoptimale Treibersoftware\u201c an Bord, werden Sie das Rand-Problem des nicht ausgef\u00fcllten Bildschirms mit jetziger Hardware nicht loswerden.<\/p>\n\n\n\n<hr class=\"wp-block-separator\"\/>\n\n\n\n<p>Au\u00dferdem sehr zu empfehlen:<br>Selbst wenn Ihre Systemsteuerung den neuen Bildschirm richtig erkennt (richtiger Name in der Bezeichnung), sollten Sie dennoch den aktuellen Treiber des Herstellers von dessen Support-Download-Seite herunterladen und installieren, ehe Sie \u00fcber evtl. Probleme weiter nachdenken. <br>Und: NUR von der Hersteller-Seite (nicht von Drittanbietern), weil nur dort die Treiber-Software wirklich aktuell ist! <br>Kleine Hoffnung: Eventuell gibt es von dort eine neuere Treiber-Version, die Standard-Grafikkarten \u00fcbersteuern k\u00f6nnte bei \u00fcbereinstimmender Aufl\u00f6sung. Jedoch ist die G\u00fcte der Grafikkarte meist von ma\u00dfgeblicher Wirkung, und die ist meistens bestimmend f\u00fcr das, was machbar ist &#8230;<\/p>\n\n\n\n<hr class=\"wp-block-separator\"\/>\n\n\n\n<p>Zusatz-Tipp:<br>Da im Gesch\u00e4ft der Monitor ausgestellt ist, ist mindestens eine Verpackung ge\u00f6ffnet. Dadurch sind Kleinkram, wie z.B. Kabel und vor allem Bedienungsanleitung im Karton vorhanden. Fragen Sie danach!<br> Warum: Das hoffentlich inliegende Benutzerhandbuch sollte Aufschluss geben, ob der Monitor volles Display kann. Im Idealfall steht da ein Hinweis.<br>Falls nicht: hartn\u00e4ckig nachfragen und alternativ im Internet auf Hersteller-Seite nach PDF des Handbuchs suchen. <br>Ein guter Verk\u00e4ufer versteht das Problem. Hilft er Ihnen, werden Sie wiederkommen.  Eine bessere Werbung gibt&#8217;s kaum. \ud83d\ude09 <\/p>\n\n\n\n<hr class=\"wp-block-separator\"\/>\n\n\n\n<p>Hier nun ein Beispiel per Text-Auszug, um das Problem zu belegen: <img loading=\"lazy\" decoding=\"async\" width=\"320\" height=\"225\" class=\"wp-image-714\" style=\"width: 320px;\" src=\"http:\/\/culmsee.com\/scout-beo\/wp-content\/uploads\/2019\/03\/Muster-Screenshot-Handbuch.jpg\" alt=\"Muster-Screenshot Handbuch\" srcset=\"https:\/\/culmsee.com\/scout-beo\/wp-content\/uploads\/2019\/03\/Muster-Screenshot-Handbuch.jpg 320w, https:\/\/culmsee.com\/scout-beo\/wp-content\/uploads\/2019\/03\/Muster-Screenshot-Handbuch-300x211.jpg 300w\" sizes=\"auto, (max-width: 320px) 100vw, 320px\" \/><\/p>\n\n\n\n<blockquote class=\"wp-block-quote is-layout-flow wp-block-quote-is-layout-flow\"><p>\u201e\u2026 Wenn ein HDMI- oder HDMI-DVI-Kabel an das Ger\u00e4t und den PC angeschlossen ist, sehen Sie an  allen vier Bildschirmr\u00e4ndern Bereiche ohne Bild. Die leeren Bereiche auf dem Bildschirm sind nicht auf einen Fehler des Ger\u00e4ts zur\u00fcckzuf\u00fchren. Die leeren Bereiche werden durch den PC oder die Grafikkarte verursacht. Um das Problem zu l\u00f6sen, passen Sie das Bildformat in den HDMI- oder DVI-Einstellungen f\u00fcr die Grafikkarte an. Wenn die Grafikkarte im Einstellungsmen\u00fc keine M\u00f6glichkeit bietet, das Anzeigeformat zu \u00e4ndern, aktualisieren Sie den Grafikkartentreiber mit der aktuellsten Version. (Wenden Sie sich an den Hersteller der Grafikkarte oder des Computers, wenn Sie erfahren m\u00f6chten, wie Sie die Anzeigeneinstellungen anpassen k\u00f6nnen.) \u2026\u201c<\/p><cite><br>Quelle: \u201eKapitel 08 Handbuch zur Fehlerbehebung\u201c, S. 38, in einem: \u201eSamsung Benutzerhandbuch Gebogener Monitor\u201c, C32F391FWU u.v.a.m. [aus 2018\/2019]<br>Danke an \u00bbSamsung\u00ab f\u00fcr diese Info.<\/cite><\/blockquote>\n\n\n\n<hr class=\"wp-block-separator\"\/>\n\n\n\n<p><em>Auf guten Neukauf eines Monitors mit Freude daran!<\/em><br><\/p>\n\n\n\n<hr class=\"wp-block-separator\"\/>\n\n\n\n<p style=\"text-align:center\">\n\n<a class=\"maxbutton-1 maxbutton maxbutton-top\" title=\"zum Seitenanfang\" href=\"#top\"><span class='mb-text'>nach oben<\/span><\/a>\n\n<\/p>\n\n\n1.451 views\n\n\n\n<div class=\"wp-block-image\"><figure class=\"aligncenter\"><img loading=\"lazy\" decoding=\"async\" width=\"300\" height=\"12\" src=\"http:\/\/culmsee.com\/scout-beo\/wp-content\/uploads\/2019\/03\/Ende-webLog-300x12.jpg\" alt=\"\" class=\"wp-image-180\"\/><\/figure><\/div>\n","protected":false},"excerpt":{"rendered":"<p>&#8230; wichtig, vorher zu bedenken und herauszufinden &#8230;: &#8230; der (Ger\u00e4te-)Treiber allein gen\u00fcgt nicht &#8230;! \u201eTreiber\u201c ist eine Software, um dem PC das fehlerfreie Kommunizieren, also das richtige Steuern, mit neu angeschlossenem Ger\u00e4t zu erm\u00f6glichen, falls sein Ged\u00e4chtnis-Speicher es noch nicht kennen sollte &#8230; Wenn es nicht klappt: Monitor-Defekt ist das meist keiner \u2026!? Standard-L\u00f6sung [&hellip;]<\/p>\n","protected":false},"author":1,"featured_media":753,"parent":0,"menu_order":0,"comment_status":"closed","ping_status":"closed","template":"","meta":{"footnotes":""},"class_list":["post-728","page","type-page","status-publish","has-post-thumbnail","hentry"],"_links":{"self":[{"href":"https:\/\/culmsee.com\/scout-beo\/index.php\/wp-json\/wp\/v2\/pages\/728","targetHints":{"allow":["GET"]}}],"collection":[{"href":"https:\/\/culmsee.com\/scout-beo\/index.php\/wp-json\/wp\/v2\/pages"}],"about":[{"href":"https:\/\/culmsee.com\/scout-beo\/index.php\/wp-json\/wp\/v2\/types\/page"}],"author":[{"embeddable":true,"href":"https:\/\/culmsee.com\/scout-beo\/index.php\/wp-json\/wp\/v2\/users\/1"}],"replies":[{"embeddable":true,"href":"https:\/\/culmsee.com\/scout-beo\/index.php\/wp-json\/wp\/v2\/comments?post=728"}],"version-history":[{"count":0,"href":"https:\/\/culmsee.com\/scout-beo\/index.php\/wp-json\/wp\/v2\/pages\/728\/revisions"}],"wp:featuredmedia":[{"embeddable":true,"href":"https:\/\/culmsee.com\/scout-beo\/index.php\/wp-json\/wp\/v2\/media\/753"}],"wp:attachment":[{"href":"https:\/\/culmsee.com\/scout-beo\/index.php\/wp-json\/wp\/v2\/media?parent=728"}],"curies":[{"name":"wp","href":"https:\/\/api.w.org\/{rel}","templated":true}]}}