{"id":10547,"date":"2020-02-20T10:33:48","date_gmt":"2020-02-20T09:33:48","guid":{"rendered":"http:\/\/culmsee.com\/wordpress-weblog\/?page_id=10547"},"modified":"2020-02-20T10:34:07","modified_gmt":"2020-02-20T09:34:07","slug":"krimi-filmklassiker-ed-03","status":"publish","type":"page","link":"https:\/\/culmsee.com\/wordpress-weblog\/krimi-filmklassiker-ed-03\/","title":{"rendered":"R\u00e4tsel Krimi-Filmklassiker Edition 03"},"content":{"rendered":"<h2 style=\"text-align: center;\"><span style=\"font-family: Times;\">Krinimalfilme-Kreuzwortr\u00e4tsel<\/span><\/h2>\n<p>Hallo Fans von Kriminalfilmen! &#8230; R\u00e4tsel-Kniffler? &#8230; und auch Film-Fan &#8211; dann liegt hier Crossword-Fall #03 vor:<\/p>\n<p>Auf dass die kleinen grauen Zellen geschwind die L\u00f6sung ans Licht bringen!<\/p>\n<figure id=\"attachment_10545\" aria-describedby=\"caption-attachment-10545\" style=\"width: 2480px\" class=\"wp-caption aligncenter\"><a href=\"http:\/\/culmsee.com\/wordpress-weblog\/wp-content\/uploads\/2020\/02\/TV-riddle-03-Kriminalfilme.jpg\" target=\"_blank\" rel=\"noopener\"><img loading=\"lazy\" decoding=\"async\" class=\"wp-image-10545 size-full\" src=\"http:\/\/culmsee.com\/wordpress-weblog\/wp-content\/uploads\/2020\/02\/TV-riddle-03-Kriminalfilme.jpg\" alt=\"Kriminalfilm-Klassiker 03 crossword puzzle\" width=\"2480\" height=\"3508\" srcset=\"https:\/\/culmsee.com\/wordpress-weblog\/wp-content\/uploads\/2020\/02\/TV-riddle-03-Kriminalfilme.jpg 2480w, https:\/\/culmsee.com\/wordpress-weblog\/wp-content\/uploads\/2020\/02\/TV-riddle-03-Kriminalfilme-424x600.jpg 424w, https:\/\/culmsee.com\/wordpress-weblog\/wp-content\/uploads\/2020\/02\/TV-riddle-03-Kriminalfilme-768x1086.jpg 768w, https:\/\/culmsee.com\/wordpress-weblog\/wp-content\/uploads\/2020\/02\/TV-riddle-03-Kriminalfilme-848x1200.jpg 848w, https:\/\/culmsee.com\/wordpress-weblog\/wp-content\/uploads\/2020\/02\/TV-riddle-03-Kriminalfilme-500x707.jpg 500w, https:\/\/culmsee.com\/wordpress-weblog\/wp-content\/uploads\/2020\/02\/TV-riddle-03-Kriminalfilme-800x1132.jpg 800w, https:\/\/culmsee.com\/wordpress-weblog\/wp-content\/uploads\/2020\/02\/TV-riddle-03-Kriminalfilme-1280x1811.jpg 1280w, https:\/\/culmsee.com\/wordpress-weblog\/wp-content\/uploads\/2020\/02\/TV-riddle-03-Kriminalfilme-1920x2716.jpg 1920w, https:\/\/culmsee.com\/wordpress-weblog\/wp-content\/uploads\/2020\/02\/TV-riddle-03-Kriminalfilme-191x270.jpg 191w\" sizes=\"auto, (max-width: 2480px) 100vw, 2480px\" \/><\/a><figcaption id=\"caption-attachment-10545\" class=\"wp-caption-text\"><em>Kriminalfilm-Klassiker<\/em>\u00a0(Kreuzwortr\u00e4tsel #03)<\/figcaption><\/figure>\n<hr \/>\n<p style=\"text-align: right;\">3.Edition:<\/p>\n<h4 style=\"text-align: center;\"><em><span style=\"font-family: Times;\">Viel Spa\u00df und Erfolg beim Herausfinden!<\/span><\/em><\/h4>\n<p style=\"text-align: right;\">Druckgr\u00f6\u00dfe A4 (als *.jpg 1,5 MB &#8211; Pixel 2480&#215;3508)<\/p>\n<p><a href=\"http:\/\/culmsee.com\/wordpress-weblog\/wp-content\/uploads\/2020\/02\/TV-riddle-03-Kriminalfilme.pdf\" target=\"_blank\" rel=\"noopener\"><img loading=\"lazy\" decoding=\"async\" class=\"aligncenter wp-image-9408 size-full\" src=\"http:\/\/culmsee.com\/wordpress-weblog\/wp-content\/uploads\/2019\/10\/PDF-Symbol-4print.jpg\" alt=\"PDF-4-print\" width=\"50\" height=\"50\" \/><\/a><\/p>\n<p style=\"text-align: center;\">\u00a0PDF Download 3,9 MB:\u00a0<a href=\"http:\/\/culmsee.com\/wordpress-weblog\/wp-content\/uploads\/2020\/02\/TV-riddle-03-Kriminalfilme.pdf\" target=\"_blank\" rel=\"noopener\">TV riddle 03 Kriminalfilme<\/a><\/p>\n<hr \/>\n<p style=\"text-align: center;\">&#8230;<\/p>\n<h4 style=\"text-align: center;\"><a href=\"http:\/\/culmsee.com\/wordpress-weblog\/2020\/02\/klassiker-tv-ed-01\/\"><em>zur\u00fcck zum ersten Klassiker-R\u00e4tsel &gt;&gt;&gt;<\/em><\/a><\/h4>\n<p style=\"text-align: center;\">&#8230;<\/p>\n<hr \/>\n<p style=\"text-align: center;\"><em>&#8230; wird fortgesetzt &#8230;<\/em><\/p>\n<p><img loading=\"lazy\" decoding=\"async\" class=\"aligncenter wp-image-8440\" src=\"http:\/\/culmsee.com\/wordpress-weblog\/wp-content\/uploads\/2019\/09\/ende-grey.jpg\" alt=\"Ende\" width=\"300\" height=\"12\" srcset=\"https:\/\/culmsee.com\/wordpress-weblog\/wp-content\/uploads\/2019\/09\/ende-grey.jpg 500w, https:\/\/culmsee.com\/wordpress-weblog\/wp-content\/uploads\/2019\/09\/ende-grey-360x14.jpg 360w\" sizes=\"auto, (max-width: 300px) 100vw, 300px\" \/><\/p>\n<p style=\"text-align: center;\"><span style=\"color: #afafaf;\">\u00a0<span style=\"font-size: 10pt;\">\u00a9 Editiert von\u00a0<a href=\"http:\/\/culmsee.com\" target=\"_blank\" rel=\"noopener\"><em><span style=\"color: #afafaf;\">Axel Culmsee<\/span><\/em><\/a> \/ Germany<\/span><\/span><\/p>\n<p style=\"text-align: center;\"><img loading=\"lazy\" decoding=\"async\" class=\"aligncenter wp-image-29\" src=\"http:\/\/culmsee.com\/wordpress-weblog\/wp-content\/uploads\/2017\/12\/Ende-webLog.jpg\" alt=\"Ende von diesem WebLog\" width=\"300\" height=\"12\" srcset=\"https:\/\/culmsee.com\/wordpress-weblog\/wp-content\/uploads\/2017\/12\/Ende-webLog.jpg 500w, https:\/\/culmsee.com\/wordpress-weblog\/wp-content\/uploads\/2017\/12\/Ende-webLog-300x12.jpg 300w\" sizes=\"auto, (max-width: 300px) 100vw, 300px\" \/><\/p>\n<p style=\"text-align: center;\"><span style=\"color: #00418c;\"><span style=\"color: #afafaf;\">1.274 views<\/span><\/span><\/p>\n<p style=\"text-align: center;\">\n","protected":false},"excerpt":{"rendered":"<p>Krinimalfilme-Kreuzwortr\u00e4tsel Hallo Fans von Kriminalfilmen! &#8230; R\u00e4tsel-Kniffler? &#8230; und auch Film-Fan &#8211; dann liegt hier Crossword-Fall #03 vor: Auf dass die kleinen grauen Zellen geschwind die L\u00f6sung ans Licht bringen! 3.Edition: Viel Spa\u00df und Erfolg beim Herausfinden! Druckgr\u00f6\u00dfe A4 (als <a href=\"https:\/\/culmsee.com\/wordpress-weblog\/krimi-filmklassiker-ed-03\/\" class=\"read-more\">Weiterlesen &#8230;<\/a><\/p>\n","protected":false},"author":1,"featured_media":10544,"parent":0,"menu_order":0,"comment_status":"closed","ping_status":"closed","template":"","meta":{"footnotes":""},"class_list":["post-10547","page","type-page","status-publish","has-post-thumbnail","hentry"],"_links":{"self":[{"href":"https:\/\/culmsee.com\/wordpress-weblog\/wp-json\/wp\/v2\/pages\/10547","targetHints":{"allow":["GET"]}}],"collection":[{"href":"https:\/\/culmsee.com\/wordpress-weblog\/wp-json\/wp\/v2\/pages"}],"about":[{"href":"https:\/\/culmsee.com\/wordpress-weblog\/wp-json\/wp\/v2\/types\/page"}],"author":[{"embeddable":true,"href":"https:\/\/culmsee.com\/wordpress-weblog\/wp-json\/wp\/v2\/users\/1"}],"replies":[{"embeddable":true,"href":"https:\/\/culmsee.com\/wordpress-weblog\/wp-json\/wp\/v2\/comments?post=10547"}],"version-history":[{"count":0,"href":"https:\/\/culmsee.com\/wordpress-weblog\/wp-json\/wp\/v2\/pages\/10547\/revisions"}],"wp:featuredmedia":[{"embeddable":true,"href":"https:\/\/culmsee.com\/wordpress-weblog\/wp-json\/wp\/v2\/media\/10544"}],"wp:attachment":[{"href":"https:\/\/culmsee.com\/wordpress-weblog\/wp-json\/wp\/v2\/media?parent=10547"}],"curies":[{"name":"wp","href":"https:\/\/api.w.org\/{rel}","templated":true}]}}