{"id":128,"date":"2017-12-26T13:13:41","date_gmt":"2017-12-26T12:13:41","guid":{"rendered":"http:\/\/culmsee.com\/wordpress-weblog\/?page_id=128"},"modified":"2017-12-28T09:54:16","modified_gmt":"2017-12-28T08:54:16","slug":"culmsee-introduction","status":"publish","type":"page","link":"https:\/\/culmsee.com\/wordpress-weblog\/culmsee-introduction\/","title":{"rendered":"Culmsee-introduction"},"content":{"rendered":"<figure id=\"attachment_100\" aria-describedby=\"caption-attachment-100\" style=\"width: 750px\" class=\"wp-caption aligncenter\"><a style=\"color: #993300;\" href=\"http:\/\/culmsee.com\/wordpress-weblog\/wp-content\/uploads\/2017\/12\/Beitragsbild-Chelmza.jpg\"><img loading=\"lazy\" decoding=\"async\" class=\"size-large wp-image-100\" src=\"http:\/\/culmsee.com\/wordpress-weblog\/wp-content\/uploads\/2017\/12\/Beitragsbild-Chelmza-1024x341.jpg\" alt=\"former days Culmsee is today's Chelmza\" width=\"750\" height=\"250\" srcset=\"https:\/\/culmsee.com\/wordpress-weblog\/wp-content\/uploads\/2017\/12\/Beitragsbild-Chelmza-1024x341.jpg 1024w, https:\/\/culmsee.com\/wordpress-weblog\/wp-content\/uploads\/2017\/12\/Beitragsbild-Chelmza-300x100.jpg 300w, https:\/\/culmsee.com\/wordpress-weblog\/wp-content\/uploads\/2017\/12\/Beitragsbild-Chelmza.jpg 1200w\" sizes=\"auto, (max-width: 750px) 100vw, 750px\" \/><\/a><figcaption id=\"caption-attachment-100\" class=\"wp-caption-text\"><span style=\"color: #993300;\">former days CULMSEE is today&#8217;s CHELMZA in Poland: market place in 2001<\/span><\/figcaption><\/figure>\n<div id=\"wpgmza_map\" class=\"wpgmza_map\" data-settings='{\"id\":\"1\",\"map_title\":\"Chelmza\",\"map_width\":\"100\",\"map_height\":\"400\",\"map_start_lat\":\"53.183441\",\"map_start_lng\":\"18.611334\",\"map_start_location\":\"53.18344129184222,18.61133395239256\",\"map_start_zoom\":\"15\",\"default_marker\":\"0\",\"type\":\"3\",\"alignment\":\"2\",\"directions_enabled\":\"1\",\"styling_enabled\":\"0\",\"styling_json\":\"\",\"active\":\"0\",\"kml\":\"\",\"bicycle\":\"0\",\"traffic\":\"0\",\"dbox\":\"1\",\"dbox_width\":\"100\",\"listmarkers\":\"0\",\"listmarkers_advanced\":\"0\",\"filterbycat\":\"0\",\"ugm_enabled\":\"0\",\"ugm_category_enabled\":\"0\",\"fusion\":\"\",\"map_width_type\":\"\\\\%\",\"map_height_type\":\"px\",\"mass_marker_support\":\"1\",\"ugm_access\":\"0\",\"order_markers_by\":\"1\",\"order_markers_choice\":\"2\",\"show_user_location\":\"0\",\"default_to\":\"\",\"other_settings\":{\"store_locator_enabled\":2,\"store_locator_distance\":2,\"store_locator_default_radius\":\"10\",\"store_locator_not_found_message\":\"No results found in this location. Please try again.\",\"store_locator_bounce\":1,\"store_locator_query_string\":\"ZIP \\\/ Address:\",\"store_locator_default_address\":\"\",\"wpgmza_store_locator_restrict\":\"\",\"map_max_zoom\":\"1\",\"transport_layer\":0,\"wpgmza_theme_data\":\"\",\"wpgmza_show_points_of_interest\":1}}' data-map-id='1' Data-maps-engine='' data-shortcode-attributes='{\"id\":\"1\"}' style=\"display:block; overflow:auto; width:100%; height:400px; float:left;\"><\/div>\n<p style=\"text-align: center;\"><span style=\"color: #ff0000;\">map <em>marker<\/em><\/span> left&gt;right: <span style=\"color: #008080;\"><em>sugar factory \/ water tower \/ Sts. Nicholas \/ town hall \/ market square \/ Bazylika \/<\/em><\/span><\/p>\n<hr \/>\n<p>various webLogs available:<\/p>\n<p style=\"text-align: center;\"><span style=\"color: #008080;\"><em><strong>CHE\u0141M\u017bA<br \/>\n<a href=\"http:\/\/culmsee.com\/wordpress-weblog\/wp-content\/uploads\/2017\/12\/Chelmza_silver.jpg\"><img loading=\"lazy\" decoding=\"async\" class=\"aligncenter size-large wp-image-102\" src=\"http:\/\/culmsee.com\/wordpress-weblog\/wp-content\/uploads\/2017\/12\/Chelmza_silver-1024x691.jpg\" alt=\"Chelmza skyline\" width=\"750\" height=\"506\" srcset=\"https:\/\/culmsee.com\/wordpress-weblog\/wp-content\/uploads\/2017\/12\/Chelmza_silver-1024x691.jpg 1024w, https:\/\/culmsee.com\/wordpress-weblog\/wp-content\/uploads\/2017\/12\/Chelmza_silver-300x202.jpg 300w, https:\/\/culmsee.com\/wordpress-weblog\/wp-content\/uploads\/2017\/12\/Chelmza_silver.jpg 1270w\" sizes=\"auto, (max-width: 750px) 100vw, 750px\" \/><\/a><\/strong><\/em><\/span><br \/>\n<span style=\"color: #008080;\"><em><strong>JEZIORO CHE\u0141M\u017bY\u0143SKIE<\/strong><\/em><\/span><\/p>\n<p><a href=\"http:\/\/culmsee.com\/wordpress-weblog\/wp-content\/uploads\/2017\/12\/Jezioro_blue-red.jpg\"><img loading=\"lazy\" decoding=\"async\" class=\"aligncenter size-large wp-image-103\" src=\"http:\/\/culmsee.com\/wordpress-weblog\/wp-content\/uploads\/2017\/12\/Jezioro_blue-red-1024x304.jpg\" alt=\"Jezioro Chelmzynskie\" width=\"750\" height=\"223\" srcset=\"https:\/\/culmsee.com\/wordpress-weblog\/wp-content\/uploads\/2017\/12\/Jezioro_blue-red-1024x304.jpg 1024w, https:\/\/culmsee.com\/wordpress-weblog\/wp-content\/uploads\/2017\/12\/Jezioro_blue-red-300x89.jpg 300w\" sizes=\"auto, (max-width: 750px) 100vw, 750px\" \/><\/a><\/p>\n<p style=\"text-align: left;\">introduction site only<br \/>\nyounger millenium&#8217;s journey towards ancestry roots&#8230;<br \/>\nChelmza \u2013 a journey in the year 2001<\/p>\n<p style=\"text-align: center;\"><span style=\"color: #ff6600;\"><em>intro:<\/em><\/span>\u00a0<a href=\"https:\/\/axelculmsee.blogspot.de\/2017\/12\/chelmza.html\" target=\"_blank\">https:\/\/axelculmsee.blogspot.de\/2017\/12\/chelmza.html<\/a><\/p>\n<p>Che\u0142m\u017ca-Ausflug zu Ahnen-Wurzeln (<a href=\"https:\/\/axelculmsee.blogspot.de\/2017\/12\/chelmza-ausflug-zu-ahnen-wurzeln.html\" target=\"_blank\">R\u00fcckblende in deutsch<\/a>) or\u00a0<a href=\"https:\/\/axelculmsee.blogspot.de\/2017\/12\/millenium-journey-to-roots.html\" target=\"_blank\">English review<\/a>\u00a0&#8230;<\/p>\n<hr \/>\n<p style=\"text-align: center;\">\u00a0ancient postcards:<br \/>\n<a title=\"ancient postcards from Culmsee\" href=\"https:\/\/axelculmsee.blogspot.de\/2017\/12\/culmsee-postcards.html\" target=\"_blank\"><img loading=\"lazy\" decoding=\"async\" class=\"aligncenter size-full wp-image-105\" src=\"http:\/\/culmsee.com\/wordpress-weblog\/wp-content\/uploads\/2017\/12\/Culmsee-Postkarten.jpg\" alt=\"Culmsee postcards\" width=\"820\" height=\"400\" srcset=\"https:\/\/culmsee.com\/wordpress-weblog\/wp-content\/uploads\/2017\/12\/Culmsee-Postkarten.jpg 820w, https:\/\/culmsee.com\/wordpress-weblog\/wp-content\/uploads\/2017\/12\/Culmsee-Postkarten-300x146.jpg 300w\" sizes=\"auto, (max-width: 820px) 100vw, 820px\" \/><\/a><a href=\"https:\/\/axelculmsee.blogspot.de\/2017\/12\/culmsee-postcards.html\" target=\"_blank\">https:\/\/axelculmsee.blogspot.de\/2017\/12\/culmsee-postcards.html<\/a><\/p>\n<p style=\"text-align: center;\">old postcards from \/ alte Postkarten von<br \/>\nvillage of\u00a0<b>Culmsee\u00a0<\/b>=<b>\u00a0Kulmsee\u00a0<\/b>=<b>\u00a0Che\u0142m\u017ca<\/b><\/p>\n<hr \/>\n<p>&nbsp;<\/p>\n<p style=\"text-align: center;\">ancient postmarks from CULMSEE:<br \/>\n<a title=\"ancient postmarks from Culmsee\" href=\"https:\/\/axelculmsee.blogspot.de\/2017\/12\/culmsee-postmarks.html\" target=\"_blank\"><img loading=\"lazy\" decoding=\"async\" class=\"aligncenter size-full wp-image-106\" src=\"http:\/\/culmsee.com\/wordpress-weblog\/wp-content\/uploads\/2017\/12\/Culmsee-Stempel.jpg\" alt=\"ancient postmarks from Culmsee\" width=\"820\" height=\"400\" srcset=\"https:\/\/culmsee.com\/wordpress-weblog\/wp-content\/uploads\/2017\/12\/Culmsee-Stempel.jpg 820w, https:\/\/culmsee.com\/wordpress-weblog\/wp-content\/uploads\/2017\/12\/Culmsee-Stempel-300x146.jpg 300w\" sizes=\"auto, (max-width: 820px) 100vw, 820px\" \/><\/a><a href=\"https:\/\/axelculmsee.blogspot.de\/2017\/12\/culmsee-postmarks.html\" target=\"_blank\">https:\/\/axelculmsee.blogspot.de\/2017\/12\/culmsee-postmarks.html<\/a><br \/>\nStempel auf Briefmarken\u00a0\u2013 aus Culmsee versandt<\/p>\n<hr \/>\n<p style=\"text-align: center;\">postmarks from Chelmza:<br \/>\n<a title=\"special postmarks from Chelmza\" href=\"https:\/\/axelculmsee.blogspot.de\/2017\/12\/chelmza-postmarks.html\" target=\"_blank\"><img loading=\"lazy\" decoding=\"async\" class=\"aligncenter size-full wp-image-107\" src=\"http:\/\/culmsee.com\/wordpress-weblog\/wp-content\/uploads\/2017\/12\/Chelmza-Sonderstempel.jpg\" alt=\"spezial postmarks from Chelmza\" width=\"700\" height=\"500\" srcset=\"https:\/\/culmsee.com\/wordpress-weblog\/wp-content\/uploads\/2017\/12\/Chelmza-Sonderstempel.jpg 700w, https:\/\/culmsee.com\/wordpress-weblog\/wp-content\/uploads\/2017\/12\/Chelmza-Sonderstempel-300x214.jpg 300w\" sizes=\"auto, (max-width: 700px) 100vw, 700px\" \/><\/a><a href=\"https:\/\/axelculmsee.blogspot.de\/2017\/12\/chelmza-postmarks.html\" target=\"_blank\">https:\/\/axelculmsee.blogspot.de\/2017\/12\/chelmza-postmarks.html<\/a><br \/>\nSonderstempel, teils auf Sonderpostkarten<\/p>\n<hr \/>\n<p style=\"text-align: center;\">interested in\u00a0<strong>Che\u0142m\u017ca photographies<\/strong>\u00a0(2001)?<br \/>\nskip to<br \/>\nanother webLog introducing journey&#8217;s adventure&#8230;<br \/>\n<a title=\"Chelmza-Collage 2001\" href=\"https:\/\/axelculmsee.blogspot.de\/2017\/12\/chelmza.html\" target=\"_blank\"><img loading=\"lazy\" decoding=\"async\" class=\"aligncenter size-full wp-image-108\" src=\"http:\/\/culmsee.com\/wordpress-weblog\/wp-content\/uploads\/2017\/12\/Chelmza-Intro-Collage.jpg\" alt=\"Chelmza-Collage 2001\" width=\"650\" height=\"907\" srcset=\"https:\/\/culmsee.com\/wordpress-weblog\/wp-content\/uploads\/2017\/12\/Chelmza-Intro-Collage.jpg 650w, https:\/\/culmsee.com\/wordpress-weblog\/wp-content\/uploads\/2017\/12\/Chelmza-Intro-Collage-215x300.jpg 215w\" sizes=\"auto, (max-width: 650px) 100vw, 650px\" \/><\/a><a href=\"https:\/\/axelculmsee.blogspot.de\/2017\/12\/chelmza.html\" target=\"_blank\">https:\/\/axelculmsee.blogspot.de\/2017\/12\/chelmza.html<\/a><br \/>\n<span style=\"color: #999999;\">[introduction site]<\/span><\/p>\n<hr \/>\n<p style=\"text-align: center;\">\u00a0<a href=\"http:\/\/culmsee.com\/wordpress-weblog\/wp-content\/uploads\/2017\/12\/Linie-rot-Poland.jpg\"><img loading=\"lazy\" decoding=\"async\" class=\"aligncenter size-medium wp-image-112\" src=\"http:\/\/culmsee.com\/wordpress-weblog\/wp-content\/uploads\/2017\/12\/Linie-rot-Poland-300x60.jpg\" alt=\"former days Culmsee is today's Chelmza\" width=\"300\" height=\"60\" srcset=\"https:\/\/culmsee.com\/wordpress-weblog\/wp-content\/uploads\/2017\/12\/Linie-rot-Poland-300x60.jpg 300w, https:\/\/culmsee.com\/wordpress-weblog\/wp-content\/uploads\/2017\/12\/Linie-rot-Poland.jpg 500w\" sizes=\"auto, (max-width: 300px) 100vw, 300px\" \/><\/a><\/p>\n<p style=\"text-align: center;\">added and new entries at Wikipedia \/ Wikimedia:<br \/>\n<a href=\"https:\/\/axelculmsee.blogspot.de\/2017\/12\/chemza-at-wikipedia.html\" target=\"_blank\">https:\/\/axelculmsee.blogspot.de\/2017\/12\/chemza-at-wikipedia.html<\/a><\/p>\n<figure id=\"attachment_110\" aria-describedby=\"caption-attachment-110\" style=\"width: 300px\" class=\"wp-caption aligncenter\"><a href=\"http:\/\/culmsee.com\/wordpress-weblog\/wp-content\/uploads\/2017\/12\/Wikimedia-AC-user-page-Lake.jpg\"><img loading=\"lazy\" decoding=\"async\" class=\"size-medium wp-image-110\" src=\"http:\/\/culmsee.com\/wordpress-weblog\/wp-content\/uploads\/2017\/12\/Wikimedia-AC-user-page-Lake-300x113.jpg\" alt=\"Wikimedia user header\" width=\"300\" height=\"113\" srcset=\"https:\/\/culmsee.com\/wordpress-weblog\/wp-content\/uploads\/2017\/12\/Wikimedia-AC-user-page-Lake-300x113.jpg 300w, https:\/\/culmsee.com\/wordpress-weblog\/wp-content\/uploads\/2017\/12\/Wikimedia-AC-user-page-Lake.jpg 800w\" sizes=\"auto, (max-width: 300px) 100vw, 300px\" \/><\/a><figcaption id=\"caption-attachment-110\" class=\"wp-caption-text\">Wikimedia user header<\/figcaption><\/figure>\n<p style=\"text-align: center;\">Che\u0142m\u017ca: Ufer-Blick auf Jezioro Che\u0142m\u017cy\u0144skie, mit Wappen der Stadt Culmsee (Montage)<\/p>\n<figure id=\"attachment_111\" aria-describedby=\"caption-attachment-111\" style=\"width: 300px\" class=\"wp-caption aligncenter\"><a href=\"http:\/\/culmsee.com\/wordpress-weblog\/wp-content\/uploads\/2017\/12\/Wikipedia-AC-user-page-Paris.jpg\"><img loading=\"lazy\" decoding=\"async\" class=\"size-medium wp-image-111\" src=\"http:\/\/culmsee.com\/wordpress-weblog\/wp-content\/uploads\/2017\/12\/Wikipedia-AC-user-page-Paris-300x113.jpg\" alt=\"Wikipedia user header\" width=\"300\" height=\"113\" srcset=\"https:\/\/culmsee.com\/wordpress-weblog\/wp-content\/uploads\/2017\/12\/Wikipedia-AC-user-page-Paris-300x113.jpg 300w, https:\/\/culmsee.com\/wordpress-weblog\/wp-content\/uploads\/2017\/12\/Wikipedia-AC-user-page-Paris.jpg 800w\" sizes=\"auto, (max-width: 300px) 100vw, 300px\" \/><\/a><figcaption id=\"caption-attachment-111\" class=\"wp-caption-text\">Wikipedia user header<\/figcaption><\/figure>\n<p style=\"text-align: center;\">Paris: Blick \u00fcber Jardins du Trocad\u00e9ro auf den Eiffelturm mitsamt Shuttles (Montage) und Culmsee-Wappen (Zeichnung)<\/p>\n<p style=\"text-align: center;\"><em>including varios weblinks towards more detailed information and photographies from\u00a0Che\u0142m\u017ca &#8230;\u00a0\u00a0<\/em><\/p>\n<p style=\"text-align: center;\"><em>a survey introducing this seperate &#8222;playground&#8220;&#8230;<\/em><\/p>\n<hr \/>\n<p><a href=\"http:\/\/culmsee.com\/wordpress-weblog\/wp-content\/uploads\/2017\/12\/Ende-webLog.jpg\"><img loading=\"lazy\" decoding=\"async\" class=\"aligncenter size-medium wp-image-29\" src=\"http:\/\/culmsee.com\/wordpress-weblog\/wp-content\/uploads\/2017\/12\/Ende-webLog-300x12.jpg\" alt=\"Ende von diesem WebLog\" width=\"300\" height=\"12\" srcset=\"https:\/\/culmsee.com\/wordpress-weblog\/wp-content\/uploads\/2017\/12\/Ende-webLog-300x12.jpg 300w, https:\/\/culmsee.com\/wordpress-weblog\/wp-content\/uploads\/2017\/12\/Ende-webLog.jpg 500w\" sizes=\"auto, (max-width: 300px) 100vw, 300px\" \/><\/a><\/p>\n<p>&nbsp;<\/p>\n<p style=\"text-align: center;\"><span style=\"color: #666699;\">2.713 views<\/span><\/p>\n<p>&nbsp;<\/p>\n<p>&nbsp;<\/p>\n","protected":false},"excerpt":{"rendered":"<p>map marker left&gt;right: sugar factory \/ water tower \/ Sts. Nicholas \/ town hall \/ market square \/ Bazylika \/ various webLogs available: CHE\u0141M\u017bA JEZIORO CHE\u0141M\u017bY\u0143SKIE introduction site only younger millenium&#8217;s journey towards ancestry roots&#8230; Chelmza \u2013 a journey in <a href=\"https:\/\/culmsee.com\/wordpress-weblog\/culmsee-introduction\/\" class=\"read-more\">Weiterlesen &#8230;<\/a><\/p>\n","protected":false},"author":1,"featured_media":3312,"parent":0,"menu_order":0,"comment_status":"open","ping_status":"open","template":"","meta":{"footnotes":""},"class_list":["post-128","page","type-page","status-publish","has-post-thumbnail","hentry"],"_links":{"self":[{"href":"https:\/\/culmsee.com\/wordpress-weblog\/wp-json\/wp\/v2\/pages\/128","targetHints":{"allow":["GET"]}}],"collection":[{"href":"https:\/\/culmsee.com\/wordpress-weblog\/wp-json\/wp\/v2\/pages"}],"about":[{"href":"https:\/\/culmsee.com\/wordpress-weblog\/wp-json\/wp\/v2\/types\/page"}],"author":[{"embeddable":true,"href":"https:\/\/culmsee.com\/wordpress-weblog\/wp-json\/wp\/v2\/users\/1"}],"replies":[{"embeddable":true,"href":"https:\/\/culmsee.com\/wordpress-weblog\/wp-json\/wp\/v2\/comments?post=128"}],"version-history":[{"count":0,"href":"https:\/\/culmsee.com\/wordpress-weblog\/wp-json\/wp\/v2\/pages\/128\/revisions"}],"wp:featuredmedia":[{"embeddable":true,"href":"https:\/\/culmsee.com\/wordpress-weblog\/wp-json\/wp\/v2\/media\/3312"}],"wp:attachment":[{"href":"https:\/\/culmsee.com\/wordpress-weblog\/wp-json\/wp\/v2\/media?parent=128"}],"curies":[{"name":"wp","href":"https:\/\/api.w.org\/{rel}","templated":true}]}}