{"id":147,"date":"2017-12-26T14:43:30","date_gmt":"2017-12-26T13:43:30","guid":{"rendered":"http:\/\/culmsee.com\/wordpress-weblog\/?page_id=147"},"modified":"2018-02-11T13:37:40","modified_gmt":"2018-02-11T12:37:40","slug":"chelmza-at-wikipedia","status":"publish","type":"page","link":"https:\/\/culmsee.com\/wordpress-weblog\/chelmza-at-wikipedia\/","title":{"rendered":"Chelmza at Wikipedia"},"content":{"rendered":"<p><span style=\"color: #339966;\">&#8230;from another &#8222;playground&#8220;: <strong>Wikipedia<\/strong> &#8217;n&#8216; <strong>Wikimedia<\/strong> entries:\u00a0<strong>CHE\u0141M\u017bA<\/strong>\u00a0\u00a0<\/span><\/p>\n<hr \/>\n<p style=\"text-align: center;\"><span style=\"color: #008080;\"><a style=\"color: #008080;\" title=\"Wikipedia user header\" href=\"https:\/\/axelculmsee.blogspot.de\/2017\/12\/chemza-at-wikipedia.html\" target=\"_blank\">https:\/\/axelculmsee.blogspot.de\/2017\/12\/chemza-at-wikipedia.html<\/a><br \/>\nincluding various weblinks towards more detailed information and photographies from\u00a0Che\u0142m\u017ca &#8230;<br \/>\n<\/span><\/p>\n<figure id=\"attachment_111\" aria-describedby=\"caption-attachment-111\" style=\"width: 800px\" class=\"wp-caption aligncenter\"><a title=\"Wikipedia user header\" href=\"https:\/\/axelculmsee.blogspot.de\/2017\/12\/chemza-at-wikipedia.html\" target=\"_blank\"><img loading=\"lazy\" decoding=\"async\" class=\"size-full wp-image-111\" src=\"http:\/\/culmsee.com\/wordpress-weblog\/wp-content\/uploads\/2017\/12\/Wikipedia-AC-user-page-Paris.jpg\" alt=\"Wikipedia user header\" width=\"800\" height=\"300\" srcset=\"https:\/\/culmsee.com\/wordpress-weblog\/wp-content\/uploads\/2017\/12\/Wikipedia-AC-user-page-Paris.jpg 800w, https:\/\/culmsee.com\/wordpress-weblog\/wp-content\/uploads\/2017\/12\/Wikipedia-AC-user-page-Paris-300x113.jpg 300w\" sizes=\"auto, (max-width: 800px) 100vw, 800px\" \/><\/a><figcaption id=\"caption-attachment-111\" class=\"wp-caption-text\">Wikipedia user header<\/figcaption><\/figure>\n<p style=\"text-align: center;\"><span style=\"color: #999999;\">Paris: Blick \u00fcber Jardins du Trocad\u00e9ro auf den Eiffelturm mitsamt Shuttles (Montage) und Culmsee-Wappen (Zeichnung)<\/span><\/p>\n<p style=\"text-align: center;\"><span style=\"color: #ff6600;\"><a style=\"color: #ff6600;\" href=\"http:\/\/culmsee.com\/wordpress-weblog\/wikipedia-chelmza\/\">or just skip to this blog&#8217;s minor site:\u00a0<\/a><\/span><br \/>\n<span style=\"color: #ff9900;\"><a style=\"color: #ff9900;\" href=\"http:\/\/culmsee.com\/wordpress-weblog\/wikipedia-chelmza\/\">http:\/\/culmsee.com\/wordpress-weblog\/wikipedia-chelmza\/<br \/>\n<em><span style=\"color: #ff6600;\">w<\/span><\/em><\/a><em><span style=\"color: #ff6600;\">ith various screenshots of the entries&#8230;<\/span><\/em><\/span><\/p>\n<p style=\"text-align: center;\"><span style=\"color: #008080;\"><em>a survey compilation&#8230;<\/em><\/span><\/p>\n<hr \/>\n<p style=\"text-align: center;\"><span style=\"color: #999999;\">\u00a9 Photographies of this collage Produced &amp; Copyright by Axel Culmsee, Germany<\/span><\/p>\n<p style=\"text-align: center;\"><a href=\"http:\/\/culmsee.com\/wordpress-weblog\/wp-content\/uploads\/2017\/12\/Ende-webLog-Seite.jpg\"><img loading=\"lazy\" decoding=\"async\" class=\"aligncenter size-medium wp-image-91\" src=\"http:\/\/culmsee.com\/wordpress-weblog\/wp-content\/uploads\/2017\/12\/Ende-webLog-Seite-300x12.jpg\" alt=\"Ende Info-Seite\" width=\"300\" height=\"12\" srcset=\"https:\/\/culmsee.com\/wordpress-weblog\/wp-content\/uploads\/2017\/12\/Ende-webLog-Seite-300x12.jpg 300w, https:\/\/culmsee.com\/wordpress-weblog\/wp-content\/uploads\/2017\/12\/Ende-webLog-Seite.jpg 500w\" sizes=\"auto, (max-width: 300px) 100vw, 300px\" \/><\/a><\/p>\n<p style=\"text-align: center;\"><span style=\"color: #666699;\">2.835 views<\/span><\/p>\n<hr \/>\n<p style=\"text-align: center;\">\n<p style=\"text-align: center;\">\n<p style=\"text-align: center;\"><a title=\"Chelmza (Poland) at Wikipedia \/ Wikimedia\" href=\"http:\/\/culmsee.com\/wordpress-weblog\/chelmza-wikipedia\/\" target=\"_blank\"><span style=\"color: #008080;\">for much more detailed \/ pursued information<br \/>\nwith updated and new discovered web links<\/span><\/a><br \/>\n<a title=\"Chelmza (Poland) at Wikipedia \/ Wikimedia\" href=\"http:\/\/culmsee.com\/wordpress-weblog\/chelmza-wikipedia\/\" target=\"_blank\"><span style=\"color: #008080;\">take a look at<\/span><\/a><\/p>\n<p style=\"text-align: center;\">\u00a0<span style=\"color: #008080;\"><a style=\"color: #008080;\" title=\"Chelmza (Poland) at Wikipedia \/ Wikimedia\" href=\"http:\/\/culmsee.com\/wordpress-weblog\/chelmza-wikipedia\/\" target=\"_blank\">http:\/\/culmsee.com\/wordpress-weblog\/chelmza-wikipedia\/<\/a><\/span><\/p>\n<p style=\"text-align: center;\">\u00a0<a href=\"http:\/\/culmsee.com\/wordpress-weblog\/wp-content\/uploads\/2018\/01\/Linie-compilation-end-sw.jpg\"><img loading=\"lazy\" decoding=\"async\" class=\"aligncenter wp-image-711 size-medium\" src=\"http:\/\/culmsee.com\/wordpress-weblog\/wp-content\/uploads\/2018\/01\/Linie-compilation-end-sw-300x54.jpg\" alt=\"Ende dieser Zusammenstellung\" width=\"300\" height=\"54\" srcset=\"https:\/\/culmsee.com\/wordpress-weblog\/wp-content\/uploads\/2018\/01\/Linie-compilation-end-sw-300x54.jpg 300w, https:\/\/culmsee.com\/wordpress-weblog\/wp-content\/uploads\/2018\/01\/Linie-compilation-end-sw.jpg 500w\" sizes=\"auto, (max-width: 300px) 100vw, 300px\" \/><\/a><\/p>\n<hr \/>\n<p style=\"text-align: center;\">\n<p style=\"text-align: center;\">\n<p style=\"text-align: center;\">\n","protected":false},"excerpt":{"rendered":"<p>&#8230;from another &#8222;playground&#8220;: Wikipedia &#8217;n&#8216; Wikimedia entries:\u00a0CHE\u0141M\u017bA\u00a0\u00a0 https:\/\/axelculmsee.blogspot.de\/2017\/12\/chemza-at-wikipedia.html including various weblinks towards more detailed information and photographies from\u00a0Che\u0142m\u017ca &#8230; Paris: Blick \u00fcber Jardins du Trocad\u00e9ro auf den Eiffelturm mitsamt Shuttles (Montage) und Culmsee-Wappen (Zeichnung) or just skip to this blog&#8217;s <a href=\"https:\/\/culmsee.com\/wordpress-weblog\/chelmza-at-wikipedia\/\" class=\"read-more\">Weiterlesen &#8230;<\/a><\/p>\n","protected":false},"author":1,"featured_media":3322,"parent":0,"menu_order":0,"comment_status":"open","ping_status":"open","template":"","meta":{"footnotes":""},"class_list":["post-147","page","type-page","status-publish","has-post-thumbnail","hentry"],"_links":{"self":[{"href":"https:\/\/culmsee.com\/wordpress-weblog\/wp-json\/wp\/v2\/pages\/147","targetHints":{"allow":["GET"]}}],"collection":[{"href":"https:\/\/culmsee.com\/wordpress-weblog\/wp-json\/wp\/v2\/pages"}],"about":[{"href":"https:\/\/culmsee.com\/wordpress-weblog\/wp-json\/wp\/v2\/types\/page"}],"author":[{"embeddable":true,"href":"https:\/\/culmsee.com\/wordpress-weblog\/wp-json\/wp\/v2\/users\/1"}],"replies":[{"embeddable":true,"href":"https:\/\/culmsee.com\/wordpress-weblog\/wp-json\/wp\/v2\/comments?post=147"}],"version-history":[{"count":0,"href":"https:\/\/culmsee.com\/wordpress-weblog\/wp-json\/wp\/v2\/pages\/147\/revisions"}],"wp:featuredmedia":[{"embeddable":true,"href":"https:\/\/culmsee.com\/wordpress-weblog\/wp-json\/wp\/v2\/media\/3322"}],"wp:attachment":[{"href":"https:\/\/culmsee.com\/wordpress-weblog\/wp-json\/wp\/v2\/media?parent=147"}],"curies":[{"name":"wp","href":"https:\/\/api.w.org\/{rel}","templated":true}]}}