{"id":15433,"date":"2024-04-16T10:46:23","date_gmt":"2024-04-16T08:46:23","guid":{"rendered":"https:\/\/culmsee.com\/wordpress-weblog\/?page_id=15433"},"modified":"2024-04-16T11:00:25","modified_gmt":"2024-04-16T09:00:25","slug":"freestyle-fragen-pc-kurs","status":"publish","type":"page","link":"https:\/\/culmsee.com\/wordpress-weblog\/freestyle-fragen-pc-kurs\/","title":{"rendered":"Freestyle im Sammeln von PC-Wissen und Probleml\u00f6sungen"},"content":{"rendered":"\n<p>Probleme mit Ihrem Computer? Ihre Fragen stehen im Mittelpunkt. <br>L\u00f6sungen und Wege dorthin werden gemeinsam gesucht und erkl\u00e4rt sowie das Handhaben damit. <br>Allt\u00e4gliches im Umgang mit dem Internet, wie z.B. effektives Suchen in Google geh\u00f6ren hierzu. Ebenso im Lernangebot ist Standardwissen zu Word (Texte bearbeiten) und Excel (Tabellen und u.a. Rechnen damit), also Blick auf Windows-Office-Programme. <br>Oder auch wie Handy-Fotos auf den PC zu bekommen sind. <br>Bei diesem Anschnuppern werden sich weitere Fragen auftun. Alle werden von allen Erfahrungen sammeln und jedes Mal mit mehr Wissen nach Hause gehen. <br>Sie k\u00f6nnen gern Ihr Notebook mitbringen. Und bringen Sie sicherheitshalber Ladeteil und -kabel mit. <br>Im Kurs-Raum ist WLAN verf\u00fcgbar. Benutzbar auch die PC vor Ort im Schulungsraum.<br>Der w\u00f6chentliche PC-Abend als leicht verl\u00e4ngerbare Gespr\u00e4chs- und Informationsrunde, der ein Lernpool werden kann. <br><em>Buchbar jeweils ab 2 Termine oder gleich mehrere davon, z.B. im Anschluss oder variabel auch an anderen Werktagen.<\/em><\/p>\n\n\n\n<p><em>pro Termin 3 UStd.<\/em><\/p>\n\n\n\n<p><strong>Termine<\/strong>&nbsp;finden Sie \u00fcber meine&nbsp;<a href=\"http:\/\/www.culmsee.com\/vhs\/\" target=\"_blank\" rel=\"noreferrer noopener\">Schnellstartseite www.culmsee.com\/vhs\/<\/a><\/p>\n\n\n\n<p>oder direkt&nbsp;unter:<br><a href=\"http:\/\/www.culmsee.com\/computer-training-westerwald\/volkshochschule.htm\" target=\"_blank\" rel=\"noreferrer noopener\">http:\/\/www.culmsee.com\/computer-training-westerwald\/volkshochschule.htm<\/a><\/p>\n\n\n\n<figure class=\"wp-block-image size-full is-resized\"><img loading=\"lazy\" decoding=\"async\" width=\"900\" height=\"400\" src=\"https:\/\/culmsee.com\/wordpress-weblog\/wp-content\/uploads\/2017\/12\/Copmputer-Runde.jpg\" alt=\"Computer-Runde zum Fragen stellen\" class=\"wp-image-344\" style=\"width:350px\" srcset=\"https:\/\/culmsee.com\/wordpress-weblog\/wp-content\/uploads\/2017\/12\/Copmputer-Runde.jpg 900w, https:\/\/culmsee.com\/wordpress-weblog\/wp-content\/uploads\/2017\/12\/Copmputer-Runde-300x133.jpg 300w\" sizes=\"auto, (max-width: 900px) 100vw, 900px\" \/><\/figure>\n\n\n\n<figure class=\"wp-block-image\"><a href=\"http:\/\/culmsee.com\/wordpress-weblog\/wp-content\/uploads\/2017\/12\/Ende-Info-VHS-PC-Kurs.jpg\"><img loading=\"lazy\" decoding=\"async\" width=\"300\" height=\"12\" src=\"http:\/\/culmsee.com\/wordpress-weblog\/wp-content\/uploads\/2017\/12\/Ende-Info-VHS-PC-Kurs-300x12.jpg\" alt=\"Ende Info-Seite\" class=\"wp-image-307\" srcset=\"https:\/\/culmsee.com\/wordpress-weblog\/wp-content\/uploads\/2017\/12\/Ende-Info-VHS-PC-Kurs-300x12.jpg 300w, https:\/\/culmsee.com\/wordpress-weblog\/wp-content\/uploads\/2017\/12\/Ende-Info-VHS-PC-Kurs.jpg 500w\" sizes=\"auto, (max-width: 300px) 100vw, 300px\" \/><\/a><\/figure>\n\n\n\n<p class=\"has-text-align-center\">&nbsp;567 views<\/p>\n","protected":false},"excerpt":{"rendered":"<p>Probleme mit Ihrem Computer? Ihre Fragen stehen im Mittelpunkt. L\u00f6sungen und Wege dorthin werden gemeinsam gesucht und erkl\u00e4rt sowie das Handhaben damit. Allt\u00e4gliches im Umgang mit dem Internet, wie z.B. effektives Suchen in Google geh\u00f6ren hierzu. Ebenso im Lernangebot ist <a href=\"https:\/\/culmsee.com\/wordpress-weblog\/freestyle-fragen-pc-kurs\/\" class=\"read-more\">Weiterlesen &#8230;<\/a><\/p>\n","protected":false},"author":1,"featured_media":15429,"parent":0,"menu_order":0,"comment_status":"closed","ping_status":"closed","template":"","meta":{"footnotes":""},"class_list":["post-15433","page","type-page","status-publish","has-post-thumbnail","hentry"],"_links":{"self":[{"href":"https:\/\/culmsee.com\/wordpress-weblog\/wp-json\/wp\/v2\/pages\/15433","targetHints":{"allow":["GET"]}}],"collection":[{"href":"https:\/\/culmsee.com\/wordpress-weblog\/wp-json\/wp\/v2\/pages"}],"about":[{"href":"https:\/\/culmsee.com\/wordpress-weblog\/wp-json\/wp\/v2\/types\/page"}],"author":[{"embeddable":true,"href":"https:\/\/culmsee.com\/wordpress-weblog\/wp-json\/wp\/v2\/users\/1"}],"replies":[{"embeddable":true,"href":"https:\/\/culmsee.com\/wordpress-weblog\/wp-json\/wp\/v2\/comments?post=15433"}],"version-history":[{"count":0,"href":"https:\/\/culmsee.com\/wordpress-weblog\/wp-json\/wp\/v2\/pages\/15433\/revisions"}],"wp:featuredmedia":[{"embeddable":true,"href":"https:\/\/culmsee.com\/wordpress-weblog\/wp-json\/wp\/v2\/media\/15429"}],"wp:attachment":[{"href":"https:\/\/culmsee.com\/wordpress-weblog\/wp-json\/wp\/v2\/media?parent=15433"}],"curies":[{"name":"wp","href":"https:\/\/api.w.org\/{rel}","templated":true}]}}