{"id":312,"date":"2017-12-27T17:36:03","date_gmt":"2017-12-27T16:36:03","guid":{"rendered":"http:\/\/culmsee.com\/wordpress-weblog\/?page_id=312"},"modified":"2018-01-03T16:55:43","modified_gmt":"2018-01-03T15:55:43","slug":"seriendruck-word","status":"publish","type":"page","link":"https:\/\/culmsee.com\/wordpress-weblog\/seriendruck-word\/","title":{"rendered":"Seriendruck in Word"},"content":{"rendered":"<p style=\"text-align: center;\"><a href=\"http:\/\/culmsee.com\/wordpress-weblog\/wp-content\/uploads\/2017\/12\/word-symbol.jpg\"><img loading=\"lazy\" decoding=\"async\" class=\"aligncenter size-thumbnail wp-image-291\" src=\"http:\/\/culmsee.com\/wordpress-weblog\/wp-content\/uploads\/2017\/12\/word-symbol-150x150.jpg\" alt=\"Word (Symbol)\" width=\"150\" height=\"150\" \/><\/a><\/p>\n<p style=\"text-align: center;\"><a href=\"http:\/\/culmsee.com\/wordpress-weblog\/wp-content\/uploads\/2017\/12\/Word-Seriendruck.jpg\"><img loading=\"lazy\" decoding=\"async\" class=\"aligncenter size-medium wp-image-365\" src=\"http:\/\/culmsee.com\/wordpress-weblog\/wp-content\/uploads\/2017\/12\/Word-Seriendruck-300x133.jpg\" alt=\"Word Seriendruck\" width=\"300\" height=\"133\" srcset=\"https:\/\/culmsee.com\/wordpress-weblog\/wp-content\/uploads\/2017\/12\/Word-Seriendruck-300x133.jpg 300w, https:\/\/culmsee.com\/wordpress-weblog\/wp-content\/uploads\/2017\/12\/Word-Seriendruck.jpg 900w\" sizes=\"auto, (max-width: 300px) 100vw, 300px\" \/><\/a><\/p>\n<p>Sie verf\u00fcgen bereits \u00fcber Grundkenntnisse in \u201eWord\u201c und m\u00f6chten nun professionell Serienbriefe, Umschl\u00e4ge und Etiketten drucken. Grundlage daf\u00fcr ist eine Adressdatenbank in Excel, die Sie lernen zu erstellen und zu pflegen. Filtern von Datens\u00e4tzen f\u00fcr bestimmte Empf\u00e4nger geh\u00f6rt dazu. Sie lernen individuelle Grafiken\/Bilder und Texte f\u00fcr jeden Empf\u00e4nger mit Steuerfeldern zu realisieren. Verwenden Sie Wenn-Dann- Regeln und beseitigen Sie fehlerhafte Formatierungen (z.B. Datum) mit Feldschaltern. Zus\u00e4tzlich lernen Sie, wie Sie einen Serienbrief auch als Serien-E-Mail versenden k\u00f6nnen.<\/p>\n<p>2-mal\u00a0\u00e0 4 UStd.<\/p>\n<p><strong>Termine<\/strong>\u00a0finden Sie \u00fcber meine\u00a0<a title=\"Schnellstartseite\" href=\"http:\/\/www.culmsee.com\/vhs\/\" target=\"_blank\">Schnellstartseite www.culmsee.com\/vhs\/<\/a><\/p>\n<p>oder direkt\u00a0unter:<br \/>\n<a href=\"http:\/\/www.culmsee.com\/computer-training-westerwald\/volkshochschule.htm\" target=\"_blank\">http:\/\/www.culmsee.com\/computer-training-westerwald\/volkshochschule.htm<\/a><\/p>\n<p><a href=\"http:\/\/culmsee.com\/wordpress-weblog\/wp-content\/uploads\/2017\/12\/Ende-Info-VHS-PC-Kurs.jpg\"><img loading=\"lazy\" decoding=\"async\" class=\"aligncenter size-medium wp-image-307\" src=\"http:\/\/culmsee.com\/wordpress-weblog\/wp-content\/uploads\/2017\/12\/Ende-Info-VHS-PC-Kurs-300x12.jpg\" alt=\"Ende Info-Seite\" width=\"300\" height=\"12\" srcset=\"https:\/\/culmsee.com\/wordpress-weblog\/wp-content\/uploads\/2017\/12\/Ende-Info-VHS-PC-Kurs-300x12.jpg 300w, https:\/\/culmsee.com\/wordpress-weblog\/wp-content\/uploads\/2017\/12\/Ende-Info-VHS-PC-Kurs.jpg 500w\" sizes=\"auto, (max-width: 300px) 100vw, 300px\" \/><\/a><\/p>\n<p>&nbsp;<\/p>\n<p style=\"text-align: center;\"><span style=\"color: #666699;\">2.593 views<\/span><\/p>\n<p>&nbsp;<\/p>\n","protected":false},"excerpt":{"rendered":"<p>Sie verf\u00fcgen bereits \u00fcber Grundkenntnisse in \u201eWord\u201c und m\u00f6chten nun professionell Serienbriefe, Umschl\u00e4ge und Etiketten drucken. Grundlage daf\u00fcr ist eine Adressdatenbank in Excel, die Sie lernen zu erstellen und zu pflegen. Filtern von Datens\u00e4tzen f\u00fcr bestimmte Empf\u00e4nger geh\u00f6rt dazu. Sie <a href=\"https:\/\/culmsee.com\/wordpress-weblog\/seriendruck-word\/\" class=\"read-more\">Weiterlesen &#8230;<\/a><\/p>\n","protected":false},"author":1,"featured_media":3240,"parent":0,"menu_order":0,"comment_status":"open","ping_status":"open","template":"","meta":{"footnotes":""},"class_list":["post-312","page","type-page","status-publish","has-post-thumbnail","hentry"],"_links":{"self":[{"href":"https:\/\/culmsee.com\/wordpress-weblog\/wp-json\/wp\/v2\/pages\/312","targetHints":{"allow":["GET"]}}],"collection":[{"href":"https:\/\/culmsee.com\/wordpress-weblog\/wp-json\/wp\/v2\/pages"}],"about":[{"href":"https:\/\/culmsee.com\/wordpress-weblog\/wp-json\/wp\/v2\/types\/page"}],"author":[{"embeddable":true,"href":"https:\/\/culmsee.com\/wordpress-weblog\/wp-json\/wp\/v2\/users\/1"}],"replies":[{"embeddable":true,"href":"https:\/\/culmsee.com\/wordpress-weblog\/wp-json\/wp\/v2\/comments?post=312"}],"version-history":[{"count":0,"href":"https:\/\/culmsee.com\/wordpress-weblog\/wp-json\/wp\/v2\/pages\/312\/revisions"}],"wp:featuredmedia":[{"embeddable":true,"href":"https:\/\/culmsee.com\/wordpress-weblog\/wp-json\/wp\/v2\/media\/3240"}],"wp:attachment":[{"href":"https:\/\/culmsee.com\/wordpress-weblog\/wp-json\/wp\/v2\/media?parent=312"}],"curies":[{"name":"wp","href":"https:\/\/api.w.org\/{rel}","templated":true}]}}