{"id":489,"date":"2017-12-28T11:45:56","date_gmt":"2017-12-28T10:45:56","guid":{"rendered":"http:\/\/culmsee.com\/wordpress-weblog\/?page_id=489"},"modified":"2017-12-28T11:45:56","modified_gmt":"2017-12-28T10:45:56","slug":"word-basiswissen","status":"publish","type":"page","link":"https:\/\/culmsee.com\/wordpress-weblog\/word-basiswissen\/","title":{"rendered":"Word \u2013 Basiswissen f\u00fcr den Job (Block 1)"},"content":{"rendered":"<p><strong>Word \u2013 Basiswissen f\u00fcr den Job (Block 1)<\/strong><\/p>\n<p>Ohne Grundwissen zu den Programmen Word &amp; Co. geht es heutzutage im Job gar nicht mehr. Erweitern und festigen Sie Ihr K\u00f6nnen. Bei Bewerbungsgespr\u00e4chen wird die Word-H\u00fcrde dann viel kleiner. Werden Sie fit: Mit Formatieren und Textfeldern k\u00f6nnen Sie schlie\u00dflich fast alles auf Papier umsetzen. Das Erstellen von Serienbriefen erfahren sie ebenso. Je besser Sie sich mit Word auskennen, desto einfacher wird&#8217;s mit den anderen Programmen! Bauen Sie doch auf mit dem Excel-Block.<\/p>\n<p>9 UStd., 3 Termine \u00e0 3 UStd.<\/p>\n<p><span style=\"color: #339966;\">Individuell buchbar!<\/span><\/p>\n<p><strong>Termine<\/strong>\u00a0finden Sie \u00fcber meine\u00a0<a title=\"Schnellstartseite\" href=\"http:\/\/www.culmsee.com\/vhs\/\" target=\"_blank\">Schnellstartseite www.culmsee.com\/vhs\/<\/a><\/p>\n<p>oder direkt unter:<br \/>\n<a href=\"http:\/\/www.culmsee.com\/computer-training-westerwald\/volkshochschule.htm\" target=\"_blank\">http:\/\/www.culmsee.com\/computer-training-westerwald\/volkshochschule.htm<\/a><\/p>\n<p><a href=\"http:\/\/culmsee.com\/wordpress-weblog\/wp-content\/uploads\/2017\/12\/Ende-Info-VHS-PC-Kurs.jpg\"><img loading=\"lazy\" decoding=\"async\" class=\"aligncenter size-medium wp-image-307\" src=\"http:\/\/culmsee.com\/wordpress-weblog\/wp-content\/uploads\/2017\/12\/Ende-Info-VHS-PC-Kurs-300x12.jpg\" alt=\"Ende Info-Seite\" width=\"300\" height=\"12\" srcset=\"https:\/\/culmsee.com\/wordpress-weblog\/wp-content\/uploads\/2017\/12\/Ende-Info-VHS-PC-Kurs-300x12.jpg 300w, https:\/\/culmsee.com\/wordpress-weblog\/wp-content\/uploads\/2017\/12\/Ende-Info-VHS-PC-Kurs.jpg 500w\" sizes=\"auto, (max-width: 300px) 100vw, 300px\" \/><\/a><\/p>\n<p style=\"text-align: center;\"><span style=\"color: #666699;\">\u00a01.847 views<\/span><\/p>\n","protected":false},"excerpt":{"rendered":"<p>Word \u2013 Basiswissen f\u00fcr den Job (Block 1) Ohne Grundwissen zu den Programmen Word &amp; Co. geht es heutzutage im Job gar nicht mehr. Erweitern und festigen Sie Ihr K\u00f6nnen. Bei Bewerbungsgespr\u00e4chen wird die Word-H\u00fcrde dann viel kleiner. Werden Sie <a href=\"https:\/\/culmsee.com\/wordpress-weblog\/word-basiswissen\/\" class=\"read-more\">Weiterlesen &#8230;<\/a><\/p>\n","protected":false},"author":1,"featured_media":3240,"parent":0,"menu_order":0,"comment_status":"open","ping_status":"open","template":"","meta":{"footnotes":""},"class_list":["post-489","page","type-page","status-publish","has-post-thumbnail","hentry"],"_links":{"self":[{"href":"https:\/\/culmsee.com\/wordpress-weblog\/wp-json\/wp\/v2\/pages\/489","targetHints":{"allow":["GET"]}}],"collection":[{"href":"https:\/\/culmsee.com\/wordpress-weblog\/wp-json\/wp\/v2\/pages"}],"about":[{"href":"https:\/\/culmsee.com\/wordpress-weblog\/wp-json\/wp\/v2\/types\/page"}],"author":[{"embeddable":true,"href":"https:\/\/culmsee.com\/wordpress-weblog\/wp-json\/wp\/v2\/users\/1"}],"replies":[{"embeddable":true,"href":"https:\/\/culmsee.com\/wordpress-weblog\/wp-json\/wp\/v2\/comments?post=489"}],"version-history":[{"count":0,"href":"https:\/\/culmsee.com\/wordpress-weblog\/wp-json\/wp\/v2\/pages\/489\/revisions"}],"wp:featuredmedia":[{"embeddable":true,"href":"https:\/\/culmsee.com\/wordpress-weblog\/wp-json\/wp\/v2\/media\/3240"}],"wp:attachment":[{"href":"https:\/\/culmsee.com\/wordpress-weblog\/wp-json\/wp\/v2\/media?parent=489"}],"curies":[{"name":"wp","href":"https:\/\/api.w.org\/{rel}","templated":true}]}}