{"id":534,"date":"2017-12-28T12:08:06","date_gmt":"2017-12-28T11:08:06","guid":{"rendered":"http:\/\/culmsee.com\/wordpress-weblog\/?page_id=534"},"modified":"2017-12-28T13:25:25","modified_gmt":"2017-12-28T12:25:25","slug":"workshop-excel","status":"publish","type":"page","link":"https:\/\/culmsee.com\/wordpress-weblog\/workshop-excel\/","title":{"rendered":"Workshop Excel"},"content":{"rendered":"<p><strong>Excel-Workshop<br \/>\nAuffrischen \/ Vertiefen \/ Kombinieren \/ praktische Sonderf\u00e4lle\u00a0&#8230;<\/strong><\/p>\n<p>Sie erfahren und \u00fcben viele Details f\u00fcr den allt\u00e4glichen Umgang mit dem Programm \u2013 nicht nur f\u00fcrs Rechnen im B\u00fcro-Alltag. Sortieren, Filtern, Wiederholen sind Einsatzm\u00f6glichkeiten, die nach den Grundrechenarten intensiv umgesetzt werden. Excel-Effektivit\u00e4t erweitert den Horizont des Office-Pakets: Komfortables Arbeiten mit den Inhalten der Tabellen wird hierbei vertieft, z. B. fortlaufendes \u201eDurchkopieren\u201c im Handumdrehen, automatische Aktualisierungen und besser \u00fcbersichtliche Ausdrucke durch Wiederholzeilen\u00a0&#8230; Sich anpassende Diagramme, erstellt aus den Zahlen, bieten graphisch ansprechende und ergiebige Auswertungsoptionen. \u2013 Am Sonntag erarbeiten Sie sich exemplarisch den Fall Excel in Word am Beispiel Rechnungslegung mit enthaltener selbst rechnender Tabelle. Z.B. wechselnde Rabatte (Formeln wie wenn, dann) bzw. Steuern sind dann zuk\u00fcnftig kein Problem mehr, denn fast Null Aufwand. \u2013<br \/>\nPer mitgebrachtem USB-Stick k\u00f6nnen Sie Ihre neuen Vorlagen mit nach Hause nehmen.<br \/>\nWenn Sie Ihr eigenes Notebook mitbringen, ergibt das Lernvorteile!<\/p>\n<p>F\u00fcr Berufst\u00e4tige gern als Wochenendblock:<br \/>\nSamstag, 10.00-17.00 Uhr mit 90 Min. Mittagspause<br \/>\nund<br \/>\nSonntag, 14.00-17.00 Uhr<br \/>\n=<br \/>\n11,3 UStd., 2 Termine 5,5+3 ZStd.<\/p>\n<p>oder auch\u00a0<em>individualisiert<\/em>\u00a0an anderen Werktagen, z.B. als\u00a0<strong>Inhouse-Schulung!<\/strong><\/p>\n<p><span style=\"color: #339966;\">Individuell buchbar!<\/span><\/p>\n<p>Weitere<strong>\u00a0Termine<\/strong>\u00a0finden Sie \u00fcber meine\u00a0<a title=\"Schnellstartseite\" href=\"http:\/\/www.culmsee.com\/vhs\/\" target=\"_blank\">Schnellstartseite www.culmsee.com\/vhs\/<\/a><\/p>\n<p>oder direkt unter:<br \/>\n<a href=\"http:\/\/www.culmsee.com\/computer-training-westerwald\/volkshochschule.htm\" target=\"_blank\">http:\/\/www.culmsee.com\/computer-training-westerwald\/volkshochschule.htm<\/a><\/p>\n<p><a href=\"http:\/\/culmsee.com\/wordpress-weblog\/wp-content\/uploads\/2017\/12\/Ende-Info-VHS-PC-Kurs.jpg\"><img loading=\"lazy\" decoding=\"async\" class=\"aligncenter size-medium wp-image-307\" src=\"http:\/\/culmsee.com\/wordpress-weblog\/wp-content\/uploads\/2017\/12\/Ende-Info-VHS-PC-Kurs-300x12.jpg\" alt=\"Ende Info-Seite\" width=\"300\" height=\"12\" srcset=\"https:\/\/culmsee.com\/wordpress-weblog\/wp-content\/uploads\/2017\/12\/Ende-Info-VHS-PC-Kurs-300x12.jpg 300w, https:\/\/culmsee.com\/wordpress-weblog\/wp-content\/uploads\/2017\/12\/Ende-Info-VHS-PC-Kurs.jpg 500w\" sizes=\"auto, (max-width: 300px) 100vw, 300px\" \/><\/a><\/p>\n<p style=\"text-align: center;\"><span style=\"color: #666699;\">\u00a01.695 views<\/span><\/p>\n","protected":false},"excerpt":{"rendered":"<p>Excel-Workshop Auffrischen \/ Vertiefen \/ Kombinieren \/ praktische Sonderf\u00e4lle\u00a0&#8230; Sie erfahren und \u00fcben viele Details f\u00fcr den allt\u00e4glichen Umgang mit dem Programm \u2013 nicht nur f\u00fcrs Rechnen im B\u00fcro-Alltag. Sortieren, Filtern, Wiederholen sind Einsatzm\u00f6glichkeiten, die nach den Grundrechenarten intensiv umgesetzt <a href=\"https:\/\/culmsee.com\/wordpress-weblog\/workshop-excel\/\" class=\"read-more\">Weiterlesen &#8230;<\/a><\/p>\n","protected":false},"author":1,"featured_media":3612,"parent":0,"menu_order":0,"comment_status":"open","ping_status":"open","template":"","meta":{"footnotes":""},"class_list":["post-534","page","type-page","status-publish","has-post-thumbnail","hentry"],"_links":{"self":[{"href":"https:\/\/culmsee.com\/wordpress-weblog\/wp-json\/wp\/v2\/pages\/534","targetHints":{"allow":["GET"]}}],"collection":[{"href":"https:\/\/culmsee.com\/wordpress-weblog\/wp-json\/wp\/v2\/pages"}],"about":[{"href":"https:\/\/culmsee.com\/wordpress-weblog\/wp-json\/wp\/v2\/types\/page"}],"author":[{"embeddable":true,"href":"https:\/\/culmsee.com\/wordpress-weblog\/wp-json\/wp\/v2\/users\/1"}],"replies":[{"embeddable":true,"href":"https:\/\/culmsee.com\/wordpress-weblog\/wp-json\/wp\/v2\/comments?post=534"}],"version-history":[{"count":0,"href":"https:\/\/culmsee.com\/wordpress-weblog\/wp-json\/wp\/v2\/pages\/534\/revisions"}],"wp:featuredmedia":[{"embeddable":true,"href":"https:\/\/culmsee.com\/wordpress-weblog\/wp-json\/wp\/v2\/media\/3612"}],"wp:attachment":[{"href":"https:\/\/culmsee.com\/wordpress-weblog\/wp-json\/wp\/v2\/media?parent=534"}],"curies":[{"name":"wp","href":"https:\/\/api.w.org\/{rel}","templated":true}]}}