{"id":561,"date":"2017-12-28T13:19:06","date_gmt":"2017-12-28T12:19:06","guid":{"rendered":"http:\/\/culmsee.com\/wordpress-weblog\/?page_id=561"},"modified":"2017-12-28T16:21:30","modified_gmt":"2017-12-28T15:21:30","slug":"vhs-business","status":"publish","type":"page","link":"https:\/\/culmsee.com\/wordpress-weblog\/vhs-business\/","title":{"rendered":"VHS Business"},"content":{"rendered":"<p style=\"text-align: center;\">weitere\u00a0<strong>PC-Kurse<\/strong>,<br \/>\ndie insbesondere f\u00fcr den Berufsalltag konzipiert sind<br \/>\nf\u00fcr Berufst\u00e4tige,<br \/>\ndie Ihr Wissen zum Programme-Paket<\/p>\n<p style=\"text-align: center;\">\u201eMS Office\u201c mit Word \/ Excel \/ PowerPoint \/ Outlook<br \/>\nerweitern \/ auffrischen wollen.<\/p>\n<p style=\"text-align: center;\">Wenngleich\u00a0derzeit diese Einzelbl\u00f6cke nicht im Programm sind,<br \/>\nk\u00f6nnen diese Kurse jederzeit gern individuell gebucht werden.<\/p>\n<p style=\"text-align: center;\">Fragen? gerne \u00fcber\u00a0<span style=\"color: #000080;\"><a style=\"color: #000080;\" href=\"mailto:info@culmsee.com?subject=PC-Kurse\">info@culmsee.com<\/a><\/span><\/p>\n<p style=\"text-align: center;\"><span style=\"color: #666699;\">1.693 views<\/span><\/p>\n<p style=\"text-align: center;\">\n","protected":false},"excerpt":{"rendered":"<p>weitere\u00a0PC-Kurse, die insbesondere f\u00fcr den Berufsalltag konzipiert sind f\u00fcr Berufst\u00e4tige, die Ihr Wissen zum Programme-Paket \u201eMS Office\u201c mit Word \/ Excel \/ PowerPoint \/ Outlook erweitern \/ auffrischen wollen. Wenngleich\u00a0derzeit diese Einzelbl\u00f6cke nicht im Programm sind, k\u00f6nnen diese Kurse jederzeit <a href=\"https:\/\/culmsee.com\/wordpress-weblog\/vhs-business\/\" class=\"read-more\">Weiterlesen &#8230;<\/a><\/p>\n","protected":false},"author":1,"featured_media":0,"parent":0,"menu_order":0,"comment_status":"open","ping_status":"open","template":"","meta":{"footnotes":""},"class_list":["post-561","page","type-page","status-publish","hentry"],"_links":{"self":[{"href":"https:\/\/culmsee.com\/wordpress-weblog\/wp-json\/wp\/v2\/pages\/561","targetHints":{"allow":["GET"]}}],"collection":[{"href":"https:\/\/culmsee.com\/wordpress-weblog\/wp-json\/wp\/v2\/pages"}],"about":[{"href":"https:\/\/culmsee.com\/wordpress-weblog\/wp-json\/wp\/v2\/types\/page"}],"author":[{"embeddable":true,"href":"https:\/\/culmsee.com\/wordpress-weblog\/wp-json\/wp\/v2\/users\/1"}],"replies":[{"embeddable":true,"href":"https:\/\/culmsee.com\/wordpress-weblog\/wp-json\/wp\/v2\/comments?post=561"}],"version-history":[{"count":0,"href":"https:\/\/culmsee.com\/wordpress-weblog\/wp-json\/wp\/v2\/pages\/561\/revisions"}],"wp:attachment":[{"href":"https:\/\/culmsee.com\/wordpress-weblog\/wp-json\/wp\/v2\/media?parent=561"}],"curies":[{"name":"wp","href":"https:\/\/api.w.org\/{rel}","templated":true}]}}