{"id":730,"date":"2018-01-06T09:28:34","date_gmt":"2018-01-06T08:28:34","guid":{"rendered":"http:\/\/culmsee.com\/wordpress-weblog\/?page_id=730"},"modified":"2018-10-20T13:40:27","modified_gmt":"2018-10-20T11:40:27","slug":"kirchensiegel-culmsee-1920","status":"publish","type":"page","link":"https:\/\/culmsee.com\/wordpress-weblog\/kirchensiegel-culmsee-1920\/","title":{"rendered":"Kirchensiegel aus Culmsee von 1920"},"content":{"rendered":"<p style=\"text-align: center;\"><span style=\"color: #008000;\">Sammler-Fundst\u00fcck aus der Stadt namens (ehemals) <em><strong>Culmsee,<\/strong><\/em> heutigem Che\u0142m\u017ca<\/span><\/p>\n<figure id=\"attachment_734\" aria-describedby=\"caption-attachment-734\" style=\"width: 300px\" class=\"wp-caption aligncenter\"><a href=\"http:\/\/culmsee.com\/wordpress-weblog\/wp-content\/uploads\/2018\/01\/Kirchensiegel-Culmsee-1920-q.jpg\"><img loading=\"lazy\" decoding=\"async\" class=\"wp-image-734 size-medium\" src=\"http:\/\/culmsee.com\/wordpress-weblog\/wp-content\/uploads\/2018\/01\/Kirchensiegel-Culmsee-1920-q-300x300.jpg\" alt=\"Kirchensiegel Culmsee 1920 q\" width=\"300\" height=\"300\" srcset=\"https:\/\/culmsee.com\/wordpress-weblog\/wp-content\/uploads\/2018\/01\/Kirchensiegel-Culmsee-1920-q-300x300.jpg 300w, https:\/\/culmsee.com\/wordpress-weblog\/wp-content\/uploads\/2018\/01\/Kirchensiegel-Culmsee-1920-q-150x150.jpg 150w, https:\/\/culmsee.com\/wordpress-weblog\/wp-content\/uploads\/2018\/01\/Kirchensiegel-Culmsee-1920-q.jpg 500w\" sizes=\"auto, (max-width: 300px) 100vw, 300px\" \/><\/a><figcaption id=\"caption-attachment-734\" class=\"wp-caption-text\"><span style=\"color: #993300;\">Kirchensiegel der evangel. Gemeinde zu Culmsee<\/span><\/figcaption><\/figure>\n<p style=\"text-align: center;\"><span style=\"color: #003366;\">collector&#8217;s find from town (former days) named <em>Culmsee,<\/em> today&#8217;s Chelmza<\/span><\/p>\n<figure id=\"attachment_732\" aria-describedby=\"caption-attachment-732\" style=\"width: 640px\" class=\"wp-caption aligncenter\"><a style=\"color: #333399;\" href=\"http:\/\/culmsee.com\/wordpress-weblog\/wp-content\/uploads\/2018\/01\/Kirchensiegel-Culmsee-1920-all.jpg\"><img loading=\"lazy\" decoding=\"async\" class=\"wp-image-732 size-large\" src=\"http:\/\/culmsee.com\/wordpress-weblog\/wp-content\/uploads\/2018\/01\/Kirchensiegel-Culmsee-1920-all-1024x469.jpg\" alt=\"Kirchensiegel Culmsee 1920 all\" width=\"640\" height=\"293\" srcset=\"https:\/\/culmsee.com\/wordpress-weblog\/wp-content\/uploads\/2018\/01\/Kirchensiegel-Culmsee-1920-all-1024x469.jpg 1024w, https:\/\/culmsee.com\/wordpress-weblog\/wp-content\/uploads\/2018\/01\/Kirchensiegel-Culmsee-1920-all-300x138.jpg 300w, https:\/\/culmsee.com\/wordpress-weblog\/wp-content\/uploads\/2018\/01\/Kirchensiegel-Culmsee-1920-all.jpg 1200w\" sizes=\"auto, (max-width: 640px) 100vw, 640px\" \/><\/a><figcaption id=\"caption-attachment-732\" class=\"wp-caption-text\"><span style=\"color: #333399;\">document&#8217;s scan can be enlarged by click&#8230;<\/span><\/figcaption><\/figure>\n<p>&nbsp;<\/p>\n<p><a href=\"http:\/\/culmsee.com\/wordpress-weblog\/wp-content\/uploads\/2017\/12\/Linie-rot-Poland.jpg\"><img loading=\"lazy\" decoding=\"async\" class=\"aligncenter size-medium wp-image-112\" src=\"http:\/\/culmsee.com\/wordpress-weblog\/wp-content\/uploads\/2017\/12\/Linie-rot-Poland-300x60.jpg\" alt=\"former days Culmsee is today's Chelmza\" width=\"300\" height=\"60\" srcset=\"https:\/\/culmsee.com\/wordpress-weblog\/wp-content\/uploads\/2017\/12\/Linie-rot-Poland-300x60.jpg 300w, https:\/\/culmsee.com\/wordpress-weblog\/wp-content\/uploads\/2017\/12\/Linie-rot-Poland.jpg 500w\" sizes=\"auto, (max-width: 300px) 100vw, 300px\" \/><\/a><\/p>\n<figure id=\"attachment_735\" aria-describedby=\"caption-attachment-735\" style=\"width: 300px\" class=\"wp-caption aligncenter\"><a href=\"http:\/\/culmsee.com\/wordpress-weblog\/wp-content\/uploads\/2018\/01\/Kirchensiegel-Culmsee-1920-sig-date.jpg\"><img loading=\"lazy\" decoding=\"async\" class=\"wp-image-735 size-medium\" src=\"http:\/\/culmsee.com\/wordpress-weblog\/wp-content\/uploads\/2018\/01\/Kirchensiegel-Culmsee-1920-sig-date-300x90.jpg\" alt=\"Kirchensiegel Culmsee 1920 sig-date\" width=\"300\" height=\"90\" srcset=\"https:\/\/culmsee.com\/wordpress-weblog\/wp-content\/uploads\/2018\/01\/Kirchensiegel-Culmsee-1920-sig-date-300x90.jpg 300w, https:\/\/culmsee.com\/wordpress-weblog\/wp-content\/uploads\/2018\/01\/Kirchensiegel-Culmsee-1920-sig-date.jpg 850w\" sizes=\"auto, (max-width: 300px) 100vw, 300px\" \/><\/a><figcaption id=\"caption-attachment-735\" class=\"wp-caption-text\"><span style=\"color: #333399;\">cut<\/span><\/figcaption><\/figure>\n<p>&nbsp;<\/p>\n<h2 style=\"text-align: center;\"><strong><span style=\"color: #993300;\">KIRCHENSIEGEL DER<\/span><\/strong><\/h2>\n<h2 style=\"text-align: center;\"><strong><span style=\"color: #993300;\"> EVANGEL: GEMEINDE A.C. zu CULMSEE<\/span><\/strong><\/h2>\n<p><a href=\"http:\/\/culmsee.com\/wordpress-weblog\/wp-content\/uploads\/2017\/12\/Linie-Chelmza.jpg\"><img loading=\"lazy\" decoding=\"async\" class=\"aligncenter size-medium wp-image-182\" src=\"http:\/\/culmsee.com\/wordpress-weblog\/wp-content\/uploads\/2017\/12\/Linie-Chelmza-300x54.jpg\" alt=\"Chelmza\" width=\"300\" height=\"54\" srcset=\"https:\/\/culmsee.com\/wordpress-weblog\/wp-content\/uploads\/2017\/12\/Linie-Chelmza-300x54.jpg 300w, https:\/\/culmsee.com\/wordpress-weblog\/wp-content\/uploads\/2017\/12\/Linie-Chelmza.jpg 500w\" sizes=\"auto, (max-width: 300px) 100vw, 300px\" \/><\/a><\/p>\n<p>&nbsp;<\/p>\n<figure id=\"attachment_733\" aria-describedby=\"caption-attachment-733\" style=\"width: 300px\" class=\"wp-caption aligncenter\"><a href=\"http:\/\/culmsee.com\/wordpress-weblog\/wp-content\/uploads\/2018\/01\/Kirchensiegel-Culmsee-1920-darkened.jpg\"><img loading=\"lazy\" decoding=\"async\" class=\"wp-image-733 size-medium\" src=\"http:\/\/culmsee.com\/wordpress-weblog\/wp-content\/uploads\/2018\/01\/Kirchensiegel-Culmsee-1920-darkened-300x300.jpg\" alt=\"Kirchensiegel Culmsee 1920 darkened\" width=\"300\" height=\"300\" srcset=\"https:\/\/culmsee.com\/wordpress-weblog\/wp-content\/uploads\/2018\/01\/Kirchensiegel-Culmsee-1920-darkened-300x300.jpg 300w, https:\/\/culmsee.com\/wordpress-weblog\/wp-content\/uploads\/2018\/01\/Kirchensiegel-Culmsee-1920-darkened-150x150.jpg 150w, https:\/\/culmsee.com\/wordpress-weblog\/wp-content\/uploads\/2018\/01\/Kirchensiegel-Culmsee-1920-darkened.jpg 500w\" sizes=\"auto, (max-width: 300px) 100vw, 300px\" \/><\/a><figcaption id=\"caption-attachment-733\" class=\"wp-caption-text\"><span style=\"color: #800000;\">church&#8217;s seal Protestant congregation A.C. at Culmsee<\/span><\/figcaption><\/figure>\n<p><span style=\"color: #008000;\">mit diesen Beschreibungen und Erl\u00e4uterungen \/<\/span><br \/>\n<span style=\"color: #003366;\"> with these description and explanations:<\/span><\/p>\n<p><span style=\"color: #003366;\"><span style=\"color: #008000;\">Bedeutung der Inschrift \/<\/span> meaning of inscription<\/span><\/p>\n<p><em><span style=\"color: #003366;\">church&#8217;s seal<\/span><\/em><br \/>\n<em><span style=\"color: #003366;\"> Protestant congregation A.C.<\/span><\/em><br \/>\n<em><span style=\"color: #003366;\"> at Culmsee<\/span><\/em><\/p>\n<p><span style=\"color: #003366;\"><span style=\"color: #008000;\">insbesondere Abk\u00fcrzung A.C. \/<\/span> especially abbrevation:<\/span><\/p>\n<p><span style=\"color: #003366;\"> A.C. = abbr. \u201eAugsburger Confession\u201c<\/span><br \/>\n<span style=\"color: #003366;\"> [latin \u00bbConfessio Augustana\u00ab, 1530]<\/span><\/p>\n<p style=\"text-align: center;\"><a href=\"http:\/\/culmsee.com\/wordpress-weblog\/wp-content\/uploads\/2017\/12\/yellow_line_500.jpg\"><img loading=\"lazy\" decoding=\"async\" class=\"aligncenter size-medium wp-image-20\" src=\"http:\/\/culmsee.com\/wordpress-weblog\/wp-content\/uploads\/2017\/12\/yellow_line_500-300x2.jpg\" alt=\"Trennlinie\" width=\"300\" height=\"2\" srcset=\"https:\/\/culmsee.com\/wordpress-weblog\/wp-content\/uploads\/2017\/12\/yellow_line_500-300x2.jpg 300w, https:\/\/culmsee.com\/wordpress-weblog\/wp-content\/uploads\/2017\/12\/yellow_line_500.jpg 500w\" sizes=\"auto, (max-width: 300px) 100vw, 300px\" \/><\/a><\/p>\n<p><span style=\"color: #003366;\"><span style=\"color: #008000;\">aus dem Wortlauf des Schriftst\u00fccks \/<\/span> from wording of letter:<\/span><\/p>\n<p><span style=\"color: #008000;\"><em>hiermit wird bescheinigt, dass&#8230; \/<\/em><\/span><br \/>\n<em><span style=\"color: #003366;\"> hereby evidenced, that&#8230;<\/span><\/em><br \/>\n<em><span style=\"color: #003366;\"> &#8230;Name&#8230; 25. April 1826 &#8230;<\/span><\/em><br \/>\n<em><span style=\"color: #003366;\"> 3 days later deceased at age of 55 years, 9 month, 2 weeks and 2 days buried.<\/span><\/em><\/p>\n<p><span style=\"color: #808080;\">[additional explanation as it were long text,<\/span><br \/>\n<span style=\"color: #808080;\"> dates twice are written, too, in words 1800 and twentysix &#8230;]<\/span><\/p>\n<p><span style=\"color: #003366;\">seal&#8217;s diameter: 35mm<\/span><\/p>\n<p style=\"text-align: center;\"><a href=\"http:\/\/culmsee.com\/wordpress-weblog\/wp-content\/uploads\/2017\/12\/yellow_line_300.jpg\"><img loading=\"lazy\" decoding=\"async\" class=\"aligncenter size-medium wp-image-19\" src=\"http:\/\/culmsee.com\/wordpress-weblog\/wp-content\/uploads\/2017\/12\/yellow_line_300-300x3.jpg\" alt=\"yellow_line_300\" width=\"300\" height=\"3\" srcset=\"https:\/\/culmsee.com\/wordpress-weblog\/wp-content\/uploads\/2017\/12\/yellow_line_300.jpg 300w, https:\/\/culmsee.com\/wordpress-weblog\/wp-content\/uploads\/2017\/12\/yellow_line_300-150x3.jpg 150w\" sizes=\"auto, (max-width: 300px) 100vw, 300px\" \/><\/a><\/p>\n<p><span style=\"color: #333333;\">for further information\u00a0<strong>A.C.<\/strong> take a look at Wikipedia<\/span><\/p>\n<p><span style=\"color: #008000;\">in deutsch:<\/span><\/p>\n<p><span style=\"color: #008000;\"><a style=\"color: #008000;\" href=\"https:\/\/de.wikipedia.org\/wiki\/Confessio_Augustana\" target=\"_blank\" rel=\"noopener\">https:\/\/de.wikipedia.org\/wiki\/Confessio_Augustana<\/a><\/span><\/p>\n<p><span style=\"color: #333333;\">in english:<\/span><\/p>\n<p><span style=\"color: #333333;\"><a style=\"color: #333333;\" href=\"https:\/\/en.wikipedia.org\/wiki\/Augsburg_Confession\" target=\"_blank\" rel=\"noopener\">https:\/\/en.wikipedia.org\/wiki\/Augsburg_Confession<\/a><\/span><\/p>\n<p style=\"text-align: center;\">\u00a0<a href=\"http:\/\/culmsee.com\/wordpress-weblog\/wp-content\/uploads\/2017\/12\/yellow_line_500.jpg\"><img loading=\"lazy\" decoding=\"async\" class=\"aligncenter size-medium wp-image-20\" src=\"http:\/\/culmsee.com\/wordpress-weblog\/wp-content\/uploads\/2017\/12\/yellow_line_500-300x2.jpg\" alt=\"Trennlinie\" width=\"300\" height=\"2\" srcset=\"https:\/\/culmsee.com\/wordpress-weblog\/wp-content\/uploads\/2017\/12\/yellow_line_500-300x2.jpg 300w, https:\/\/culmsee.com\/wordpress-weblog\/wp-content\/uploads\/2017\/12\/yellow_line_500.jpg 500w\" sizes=\"auto, (max-width: 300px) 100vw, 300px\" \/><\/a><\/p>\n<hr \/>\n<p>&nbsp;<\/p>\n<p style=\"text-align: center;\"><a href=\"http:\/\/culmsee.com\/wordpress-weblog\/wp-content\/uploads\/2017\/12\/Ende-webLog.jpg\"><img loading=\"lazy\" decoding=\"async\" class=\"aligncenter size-medium wp-image-29\" src=\"http:\/\/culmsee.com\/wordpress-weblog\/wp-content\/uploads\/2017\/12\/Ende-webLog-300x12.jpg\" alt=\"Ende von diesem WebLog\" width=\"300\" height=\"12\" srcset=\"https:\/\/culmsee.com\/wordpress-weblog\/wp-content\/uploads\/2017\/12\/Ende-webLog-300x12.jpg 300w, https:\/\/culmsee.com\/wordpress-weblog\/wp-content\/uploads\/2017\/12\/Ende-webLog.jpg 500w\" sizes=\"auto, (max-width: 300px) 100vw, 300px\" \/><\/a><\/p>\n<p style=\"text-align: center;\"><span style=\"color: #666699;\">2.658 views<\/span><\/p>\n","protected":false},"excerpt":{"rendered":"<p>Sammler-Fundst\u00fcck aus der Stadt namens (ehemals) Culmsee, heutigem Che\u0142m\u017ca collector&#8217;s find from town (former days) named Culmsee, today&#8217;s Chelmza &nbsp; &nbsp; KIRCHENSIEGEL DER EVANGEL: GEMEINDE A.C. zu CULMSEE &nbsp; mit diesen Beschreibungen und Erl\u00e4uterungen \/ with these description and explanations: <a href=\"https:\/\/culmsee.com\/wordpress-weblog\/kirchensiegel-culmsee-1920\/\" class=\"read-more\">Weiterlesen &#8230;<\/a><\/p>\n","protected":false},"author":1,"featured_media":3678,"parent":0,"menu_order":0,"comment_status":"open","ping_status":"open","template":"","meta":{"footnotes":""},"class_list":["post-730","page","type-page","status-publish","has-post-thumbnail","hentry"],"_links":{"self":[{"href":"https:\/\/culmsee.com\/wordpress-weblog\/wp-json\/wp\/v2\/pages\/730","targetHints":{"allow":["GET"]}}],"collection":[{"href":"https:\/\/culmsee.com\/wordpress-weblog\/wp-json\/wp\/v2\/pages"}],"about":[{"href":"https:\/\/culmsee.com\/wordpress-weblog\/wp-json\/wp\/v2\/types\/page"}],"author":[{"embeddable":true,"href":"https:\/\/culmsee.com\/wordpress-weblog\/wp-json\/wp\/v2\/users\/1"}],"replies":[{"embeddable":true,"href":"https:\/\/culmsee.com\/wordpress-weblog\/wp-json\/wp\/v2\/comments?post=730"}],"version-history":[{"count":0,"href":"https:\/\/culmsee.com\/wordpress-weblog\/wp-json\/wp\/v2\/pages\/730\/revisions"}],"wp:featuredmedia":[{"embeddable":true,"href":"https:\/\/culmsee.com\/wordpress-weblog\/wp-json\/wp\/v2\/media\/3678"}],"wp:attachment":[{"href":"https:\/\/culmsee.com\/wordpress-weblog\/wp-json\/wp\/v2\/media?parent=730"}],"curies":[{"name":"wp","href":"https:\/\/api.w.org\/{rel}","templated":true}]}}